{"id":2163,"date":"2017-02-16T11:20:56","date_gmt":"2017-02-16T10:20:56","guid":{"rendered":"https:\/\/www.alvdalencamping.se\/oppet\/"},"modified":"2020-05-18T14:22:45","modified_gmt":"2020-05-18T12:22:45","slug":"std","status":"publish","type":"page","link":"https:\/\/www.alvdalencamping.se\/de\/std\/","title":{"rendered":"Std"},"content":{"rendered":"\n\t<section class=\"section sid-header dark has-parallax\" id=\"section_275370498\">\n\t\t<div class=\"section-bg fill\" data-parallax-container=\".section\" data-parallax-background data-parallax=\"-5\">\n\t\t\t<img loading=\"lazy\" decoding=\"async\" width=\"2000\" height=\"1333\" src=\"https:\/\/www.alvdalencamping.se\/wp-content\/uploads\/2020\/04\/kotte.jpg\" class=\"bg attachment-original size-original\" alt=\"\" \/>\t\t\t\t\t\t\n\t\t\t\n\n\t\t<\/div>\n\n\t\t\n\n\t\t<div class=\"section-content relative\">\n\t\t\t\n<div class=\"row align-right header-text\"  id=\"row-1699965153\">\n\n\t<div id=\"col-1918145499\" class=\"col medium-6 small-12 large-12\"  >\n\t\t\t\t<div class=\"col-inner dark\"  >\n\t\t\t\n\t\t\t\n<h1 class=\"p1\" style=\"text-align: right;\">\u00d6FFNUNGSZEITEN<\/h1>\n\t\t<\/div>\n\t\t\t\t\t<\/div>\n\n\t\n<\/div>\n\t\t<\/div>\n\n\t\t\n<style>\n#section_275370498 {\n  padding-top: 90px;\n  padding-bottom: 90px;\n  min-height: 400px;\n}\n#section_275370498 .section-bg img {\n  object-position: 60% 86%;\n}\n@media (min-width:550px) {\n  #section_275370498 {\n    padding-top: 90px;\n    padding-bottom: 90px;\n  }\n}\n@media (min-width:850px) {\n  #section_275370498 {\n    min-height: 300px;\n  }\n}\n<\/style>\n\t<\/section>\n\t\n\n\t<section class=\"section\" id=\"section_439761857\">\n\t\t<div class=\"section-bg fill\" >\n\t\t\t\t\t\t\t\t\t\n\t\t\t\n\n\t\t<\/div>\n\n\t\t\n\n\t\t<div class=\"section-content relative\">\n\t\t\t\n<div class=\"row align-middle\"  id=\"row-1986002838\">\n\n\t<div id=\"col-830916574\" class=\"col medium-8 small-12 large-8\"  >\n\t\t\t\t<div class=\"col-inner text-left\"  >\n\t\t\t\n\t\t\t\n<h3 class=\"p1\">\u00d6FFNUNGSZEITEN<\/h3>\n<p class=\"p1\">Ganzj\u00e4hrig ge\u00f6ffnet f\u00fcr Unterkunft, telefonisch zur Buchung. Die Rezeption ist besetzt.<\/p>\n<p>16\/5 \u2013 28\/5\u00a0 \u00a0 \u00a0 Alle Tage 09.00 &#8211; 18.00<br \/>29\/5 \u2013 24\/8\u00a0 \u00a0 \u00a0 Alle Tage 09:00 &#8211; 21:00<br \/>26\/8 \u2013 1\/10\u00a0 \u00a0 \u00a0Donnerstag Sonntag 09.00 &#8211; 18.00<\/p>\n<h3>EINCHECKEN AUSCHECKEN<\/h3>\n<p>W\u00e4hrend der regul\u00e4ren \u00d6ffnungszeiten erfolgt der Check-in an der Rezeption des Campingplatzes.<\/p>\n<p class=\"p1\"><strong>Wohnwagen \/ Wohnmobil \/ Zelt<\/strong><\/p>\n<p class=\"p1\">Check-in sp\u00e4testens um 21.00 Uhr in der Hochsaison, Check-out um 15.00 Uhr.<\/p>\n<h4>Gro\u00dfe Kabine \/ Campingkabine \/ Zeltkabine<\/h4>\n<p class=\"p1\">Check-in ab 15:00 Uhr, Check-out bis sp\u00e4testens 12:00 Uhr.<\/p>\n\t\t<\/div>\n\t\t\t\t\t<\/div>\n\n\t\n\n\t<div id=\"col-84441769\" class=\"col pris-aktivitet medium-4 small-12 large-4\"  >\n\t\t\t\t<div class=\"col-inner dark\" style=\"background-color:rgb(57, 75, 63);\" >\n\t\t\t\n\t\t\t\n\n\t\t<div class=\"icon-box featured-box icon-box-center text-center is-large\"  >\n\t\t\t\t\t<div class=\"icon-box-img has-icon-bg\" style=\"width: 128px\">\n\t\t\t\t<div class=\"icon\">\n\t\t\t\t\t<div class=\"icon-inner\" style=\"border-width:2px;color:rgb(57, 75, 63);\">\n\t\t\t\t\t\t<?xml version=\"1.0\" encoding=\"UTF-8\"?> <!-- Generator: Adobe Illustrator 19.0.0, SVG Export Plug-In . SVG Version: 6.00 Build 0) --> <svg xmlns=\"http:\/\/www.w3.org\/2000\/svg\" xmlns:xlink=\"http:\/\/www.w3.org\/1999\/xlink\" version=\"1.1\" id=\"Layer_1\" x=\"0px\" y=\"0px\" viewBox=\"0 0 241.644 241.644\" style=\"enable-background:new 0 0 241.644 241.644;\" xml:space=\"preserve\"> <g> <g> <g> <path d=\"M197.808,15.912h-66.064V0h-20.696v15.912H99.296c-15.028,0-18.18,6.344-18.18,11.668v15.632 c0,5.324,3.152,11.668,18.18,11.668h11.752v21.256H43.996l-20.6,19.972l20.628,19h67.028v110.164H76.836 c-5.468,0-9.752,6.312-9.752,14.372v2h111.128v-2c0-8.06-4.284-14.372-9.752-14.372h-36.712v-110.16h11.42 c15.116,0,18.288-6.344,18.288-11.668V87.812c0-5.324-3.172-11.668-18.288-11.668h-11.42V54.888h66.088v-0.004l20.412-19.972 L197.808,15.912z M115.048,4h12.696v2.476h-12.696V4z M115.048,7.608h12.696v8.304h-12.696V7.608z M168.456,229.276v-0.004 c2.416,0,5.072,3.348,5.64,8.372h-102.9c0.22-1.948,0.764-3.636,1.476-4.984h66.284v-1.132H73.364 c1.028-1.432,2.28-2.252,3.472-2.252h34.216h20.696H168.456z M115.048,225.276v-0.004v-110.16h12.696v110.164H115.048z M143.168,80.144V80.14c14.288,0,14.288,5.772,14.288,7.668v15.632c0,1.896,0,7.668-14.288,7.668H45.584l-4.568-4.208h25.732 v-1.128H39.784l-6.528-6.008h11.12v-1.132H32.032l-2.816-2.592l3.524-3.416h31.728v-1.132h-30.56l6.2-6.008h8.776v-1.132h-7.608 l4.34-4.208H143.168z M115.048,76.14V54.884h12.696V76.14H115.048z M208.12,39.22l-6.144,6.008H190.94v1.132h9.88l-4.62,4.52 H99.3v0.004c-14.18,0-14.18-5.772-14.18-7.668V27.584c0-1.896,0-7.668,14.18-7.668h96.932l4.188,3.892h-28.064v1.132h29.284 l6.464,6.008h-12.476v1.132h13.692l3.128,2.908l-3.168,3.1h-34.552v1.132H208.12z\"><\/path> <path d=\"M121.396,31.916c-1.916,0-3.48,1.56-3.48,3.48c0,1.92,1.564,3.48,3.48,3.48s3.48-1.56,3.48-3.48 C124.876,33.476,123.316,31.916,121.396,31.916z M121.396,37.744c-1.292,0-2.348-1.052-2.348-2.348 c0-1.296,1.056-2.348,2.348-2.348s2.348,1.052,2.348,2.348C123.744,36.692,122.692,37.744,121.396,37.744z\"><\/path> <path d=\"M121.396,99.104c1.916,0,3.48-1.56,3.48-3.48c0-1.92-1.564-3.48-3.48-3.48s-3.48,1.56-3.48,3.48 C117.916,97.544,119.48,99.104,121.396,99.104z M121.396,93.276c1.292,0,2.348,1.052,2.348,2.348 c0,1.296-1.056,2.348-2.348,2.348s-2.348-1.052-2.348-2.348C119.048,94.328,120.104,93.276,121.396,93.276z\"><\/path> <rect x=\"177.096\" y=\"30.944\" width=\"12.408\" height=\"1.132\"><\/rect> <rect x=\"169.976\" y=\"45.212\" width=\"14.824\" height=\"1.132\"><\/rect> <rect x=\"50.252\" y=\"98.612\" width=\"11.924\" height=\"1.132\"><\/rect> <rect x=\"54.784\" y=\"84.344\" width=\"14.248\" height=\"1.132\"><\/rect> <rect x=\"144.056\" y=\"231.532\" width=\"18.152\" height=\"1.132\"><\/rect> <\/g> <\/g> <\/g> <g> <\/g> <g> <\/g> <g> <\/g> <g> <\/g> <g> <\/g> <g> <\/g> <g> <\/g> <g> <\/g> <g> <\/g> <g> <\/g> <g> <\/g> <g> <\/g> <g> <\/g> <g> <\/g> <g> <\/g> <\/svg> \t\t\t\t\t<\/div>\n\t\t\t\t<\/div>\n\t\t\t<\/div>\n\t\t\t\t<div class=\"icon-box-text last-reset\">\n\t\t\t\t\t\t\t\t\t\n<h5>WUSSTEN SIE SCHON:<\/h5>\n<div class=\"is-divider divider clearfix\" style=\"margin-top:0.5em;margin-bottom:0.5em;max-width:40px;\"><\/div>\n<p><span style=\"font-weight: 400;\">Der Campingplatz ist ganzj\u00e4hrig ge\u00f6ffnet!<\/span><\/p>\n\t<div id=\"gap-332329285\" class=\"gap-element clearfix\" style=\"display:block; height:auto;\">\n\t\t\n<style>\n#gap-332329285 {\n  padding-top: 30px;\n}\n<\/style>\n\t<\/div>\n\t\n<a href=\"\/de\/kontakt\" class=\"button white is-outline\" >\n\t\t<span>BUCHEN!<\/span>\n\t<\/a>\n\n\t\t<\/div>\n\t<\/div>\n\t\n\t\n\t\t<\/div>\n\t\t\t\t\n<style>\n#col-84441769 > .col-inner {\n  padding: 10% 10% 10% 10%;\n}\n<\/style>\n\t<\/div>\n\n\t\n<\/div>\n<div class=\"row\"  id=\"row-2028125553\">\n\n\t<div id=\"col-686814254\" class=\"col small-12 large-12\"  >\n\t\t\t\t<div class=\"col-inner\"  >\n\t\t\t\n\t\t\t\n  <div class=\"banner-grid-wrapper\">\n  <div id=\"banner-grid-1569825413\" class=\"banner-grid row row-grid row-xsmall\" data-packery-options=\"\">\n                      \n<div class=\"col grid-col small-6 large-4 grid-col-1 hide-for-small\" ><div class=\"col-inner\">\n\n  <div class=\"banner has-hover\" id=\"banner-1333429644\">\n          <div class=\"banner-inner fill\">\n        <div class=\"banner-bg fill\" >\n            <img loading=\"lazy\" decoding=\"async\" width=\"2000\" height=\"1205\" src=\"https:\/\/www.alvdalencamping.se\/wp-content\/uploads\/2020\/04\/Camp-1.jpg\" class=\"bg attachment-original size-original\" alt=\"\" \/>                                    \n                    <\/div>\n\t\t\n        <div class=\"banner-layers container\">\n            <div class=\"fill banner-link\"><\/div>            \n        <\/div>\n      <\/div>\n\n            \n<style>\n#banner-1333429644 {\n  padding-top: 500px;\n}\n#banner-1333429644 .banner-bg img {\n  object-position: 60% 73%;\n}\n<\/style>\n  <\/div>\n\n\n<\/div><\/div>\n<div class=\"col grid-col small-6 large-5 grid-col-1 hide-for-small\" ><div class=\"col-inner\">\n\n  <div class=\"banner has-hover\" id=\"banner-1832297078\">\n          <div class=\"banner-inner fill\">\n        <div class=\"banner-bg fill\" >\n            <img loading=\"lazy\" decoding=\"async\" width=\"2000\" height=\"1333\" src=\"https:\/\/www.alvdalencamping.se\/wp-content\/uploads\/2020\/04\/service.jpg\" class=\"bg attachment-original size-original\" alt=\"\" \/>                                    \n                    <\/div>\n\t\t\n        <div class=\"banner-layers container\">\n            <div class=\"fill banner-link\"><\/div>            \n        <\/div>\n      <\/div>\n\n            \n<style>\n#banner-1832297078 {\n  padding-top: 500px;\n}\n#banner-1832297078 .banner-bg img {\n  object-position: 8% 61%;\n}\n<\/style>\n  <\/div>\n\n\n<\/div><\/div>\n<div class=\"col grid-col small-6 large-3 grid-col-1-2\" ><div class=\"col-inner\">\n\n  <div class=\"banner has-hover\" id=\"banner-160571336\">\n          <div class=\"banner-inner fill\">\n        <div class=\"banner-bg fill\" >\n            <img loading=\"lazy\" decoding=\"async\" width=\"2000\" height=\"1339\" src=\"https:\/\/www.alvdalencamping.se\/wp-content\/uploads\/2020\/04\/cykla.jpg\" class=\"bg attachment-original size-original\" alt=\"\" \/>                                    \n                    <\/div>\n\t\t\n        <div class=\"banner-layers container\">\n            <div class=\"fill banner-link\"><\/div>            \n        <\/div>\n      <\/div>\n\n            \n<style>\n#banner-160571336 {\n  padding-top: 500px;\n}\n#banner-160571336 .banner-bg img {\n  object-position: 59% 59%;\n}\n<\/style>\n  <\/div>\n\n\n<\/div><\/div>\n<div class=\"col grid-col small-6 large-3 grid-col-1-2\" ><div class=\"col-inner\">\n\n  <div class=\"banner has-hover\" id=\"banner-1535175482\">\n          <div class=\"banner-inner fill\">\n        <div class=\"banner-bg fill\" >\n            <img loading=\"lazy\" decoding=\"async\" width=\"2500\" height=\"1323\" src=\"https:\/\/www.alvdalencamping.se\/wp-content\/uploads\/2020\/04\/Campingstugor-2.jpg\" class=\"bg attachment-original size-original\" alt=\"\" \/>                                    \n                    <\/div>\n\t\t\n        <div class=\"banner-layers container\">\n            <div class=\"fill banner-link\"><\/div>            \n        <\/div>\n      <\/div>\n\n            \n<style>\n#banner-1535175482 {\n  padding-top: 500px;\n}\n#banner-1535175482 .banner-bg img {\n  object-position: 73% 76%;\n}\n<\/style>\n  <\/div>\n\n\n<\/div><\/div>\n<div class=\"col grid-col large-12 grid-col-1\" ><div class=\"col-inner\">\n\n  <div class=\"banner has-hover\" id=\"banner-372799613\">\n          <div class=\"banner-inner fill\">\n        <div class=\"banner-bg fill\" >\n            <img loading=\"lazy\" decoding=\"async\" width=\"2000\" height=\"1426\" src=\"https:\/\/www.alvdalencamping.se\/wp-content\/uploads\/2020\/04\/entre.jpg\" class=\"bg attachment-original size-original\" alt=\"\" \/>                                    \n                    <\/div>\n\t\t\n        <div class=\"banner-layers container\">\n            <div class=\"fill banner-link\"><\/div>            \n        <\/div>\n      <\/div>\n\n            \n<style>\n#banner-372799613 {\n  padding-top: 500px;\n}\n#banner-372799613 .banner-bg img {\n  object-position: 60% 88%;\n}\n<\/style>\n  <\/div>\n\n\n<\/div><\/div>\n            <\/div>\n    <style>\n    #banner-grid-1569825413 .grid-col-1{height: 400px}\n    #banner-grid-1569825413 .grid-col-1-2{height: 200px}\n    #banner-grid-1569825413 .grid-col-1-3{height:133.33333333333px}\n    #banner-grid-1569825413 .grid-col-2-3{height: 266.66666666667px}\n    #banner-grid-1569825413 .grid-col-1-4{height: 100px}\n    #banner-grid-1569825413 .grid-col-3-4{height: 300px}\n\n\n    \n    \n\n  <\/style>\n    <\/div>\n  \n\t\t<\/div>\n\t\t\t\t\t<\/div>\n\n\t\n<\/div>\n\t\t<\/div>\n\n\t\t\n<style>\n#section_439761857 {\n  padding-top: 30px;\n  padding-bottom: 30px;\n}\n@media (min-width:550px) {\n  #section_439761857 {\n    padding-top: 60px;\n    padding-bottom: 60px;\n  }\n}\n@media (min-width:850px) {\n  #section_439761857 {\n    padding-top: 90px;\n    padding-bottom: 90px;\n  }\n}\n<\/style>\n\t<\/section>\n\t\n","protected":false},"excerpt":{"rendered":"","protected":false},"author":5,"featured_media":0,"parent":0,"menu_order":0,"comment_status":"closed","ping_status":"closed","template":"","meta":{"footnotes":""},"class_list":["post-2163","page","type-page","status-publish","hentry"],"yoast_head":"<!-- This site is optimized with the Yoast SEO plugin v27.4 - https:\/\/yoast.com\/product\/yoast-seo-wordpress\/ -->\n<title>Std - se hur vi har \u00f6ppet | \u00c4lvdalens Camping<\/title>\n<meta name=\"description\" content=\"H\u00e4r hittar du \u00f6ppettider och tider f\u00f6r in- och utcheckning p\u00e5 v\u00e5r camping i \u00c4lvdalen. Kontakta oss h\u00e4r om det \u00e4r n\u00e5gra funderingar.\" \/>\n<meta name=\"robots\" content=\"index, follow, max-snippet:-1, max-image-preview:large, max-video-preview:-1\" \/>\n<link rel=\"canonical\" href=\"https:\/\/www.alvdalencamping.se\/de\/std\/\" \/>\n<meta property=\"og:locale\" content=\"de_DE\" \/>\n<meta property=\"og:type\" content=\"article\" \/>\n<meta property=\"og:title\" content=\"Std - se hur vi har \u00f6ppet | \u00c4lvdalens Camping\" \/>\n<meta property=\"og:description\" content=\"H\u00e4r hittar du \u00f6ppettider och tider f\u00f6r in- och utcheckning p\u00e5 v\u00e5r camping i \u00c4lvdalen. Kontakta oss h\u00e4r om det \u00e4r n\u00e5gra funderingar.\" \/>\n<meta property=\"og:url\" content=\"https:\/\/www.alvdalencamping.se\/de\/std\/\" \/>\n<meta property=\"og:site_name\" content=\"\u00c4lvdalens Camping\" \/>\n<meta property=\"article:publisher\" content=\"https:\/\/www.facebook.com\/profile.php?id=100057402793121\" \/>\n<meta property=\"article:modified_time\" content=\"2020-05-18T12:22:45+00:00\" \/>\n<meta property=\"og:image\" content=\"https:\/\/www.alvdalencamping.se\/wp-content\/uploads\/2025\/05\/cs3.jpg\" \/>\n\t<meta property=\"og:image:width\" content=\"2560\" \/>\n\t<meta property=\"og:image:height\" content=\"1707\" \/>\n\t<meta property=\"og:image:type\" content=\"image\/jpeg\" \/>\n<meta name=\"twitter:card\" content=\"summary_large_image\" \/>\n<meta name=\"twitter:label1\" content=\"Gesch\u00e4tzte Lesezeit\" \/>\n\t<meta name=\"twitter:data1\" content=\"1\u00a0Minute\" \/>\n<script type=\"application\/ld+json\" class=\"yoast-schema-graph\">{\"@context\":\"https:\\\/\\\/schema.org\",\"@graph\":[{\"@type\":\"WebPage\",\"@id\":\"https:\\\/\\\/www.alvdalencamping.se\\\/de\\\/std\\\/\",\"url\":\"https:\\\/\\\/www.alvdalencamping.se\\\/de\\\/std\\\/\",\"name\":\"Std - se hur vi har \u00f6ppet | \u00c4lvdalens Camping\",\"isPartOf\":{\"@id\":\"https:\\\/\\\/www.alvdalencamping.se\\\/#website\"},\"datePublished\":\"2017-02-16T10:20:56+00:00\",\"dateModified\":\"2020-05-18T12:22:45+00:00\",\"description\":\"H\u00e4r hittar du \u00f6ppettider och tider f\u00f6r in- och utcheckning p\u00e5 v\u00e5r camping i \u00c4lvdalen. Kontakta oss h\u00e4r om det \u00e4r n\u00e5gra funderingar.\",\"breadcrumb\":{\"@id\":\"https:\\\/\\\/www.alvdalencamping.se\\\/de\\\/std\\\/#breadcrumb\"},\"inLanguage\":\"de\",\"potentialAction\":[{\"@type\":\"ReadAction\",\"target\":[\"https:\\\/\\\/www.alvdalencamping.se\\\/de\\\/std\\\/\"]}]},{\"@type\":\"BreadcrumbList\",\"@id\":\"https:\\\/\\\/www.alvdalencamping.se\\\/de\\\/std\\\/#breadcrumb\",\"itemListElement\":[{\"@type\":\"ListItem\",\"position\":1,\"name\":\"Hem\",\"item\":\"https:\\\/\\\/www.alvdalencamping.se\\\/de\\\/\"},{\"@type\":\"ListItem\",\"position\":2,\"name\":\"Std\"}]},{\"@type\":\"WebSite\",\"@id\":\"https:\\\/\\\/www.alvdalencamping.se\\\/#website\",\"url\":\"https:\\\/\\\/www.alvdalencamping.se\\\/\",\"name\":\"\u00c4lvdalens Camping\",\"description\":\"Naturn\u00e4ra camping i norra Dalarna\",\"potentialAction\":[{\"@type\":\"SearchAction\",\"target\":{\"@type\":\"EntryPoint\",\"urlTemplate\":\"https:\\\/\\\/www.alvdalencamping.se\\\/?s={search_term_string}\"},\"query-input\":{\"@type\":\"PropertyValueSpecification\",\"valueRequired\":true,\"valueName\":\"search_term_string\"}}],\"inLanguage\":\"de\"}]}<\/script>\n<!-- \/ Yoast SEO plugin. -->","yoast_head_json":{"title":"Std - se hur vi har \u00f6ppet | \u00c4lvdalens Camping","description":"H\u00e4r hittar du \u00f6ppettider och tider f\u00f6r in- och utcheckning p\u00e5 v\u00e5r camping i \u00c4lvdalen. Kontakta oss h\u00e4r om det \u00e4r n\u00e5gra funderingar.","robots":{"index":"index","follow":"follow","max-snippet":"max-snippet:-1","max-image-preview":"max-image-preview:large","max-video-preview":"max-video-preview:-1"},"canonical":"https:\/\/www.alvdalencamping.se\/de\/std\/","og_locale":"de_DE","og_type":"article","og_title":"Std - se hur vi har \u00f6ppet | \u00c4lvdalens Camping","og_description":"H\u00e4r hittar du \u00f6ppettider och tider f\u00f6r in- och utcheckning p\u00e5 v\u00e5r camping i \u00c4lvdalen. Kontakta oss h\u00e4r om det \u00e4r n\u00e5gra funderingar.","og_url":"https:\/\/www.alvdalencamping.se\/de\/std\/","og_site_name":"\u00c4lvdalens Camping","article_publisher":"https:\/\/www.facebook.com\/profile.php?id=100057402793121","article_modified_time":"2020-05-18T12:22:45+00:00","og_image":[{"width":2560,"height":1707,"url":"https:\/\/www.alvdalencamping.se\/wp-content\/uploads\/2025\/05\/cs3.jpg","type":"image\/jpeg"}],"twitter_card":"summary_large_image","twitter_misc":{"Gesch\u00e4tzte Lesezeit":"1\u00a0Minute"},"schema":{"@context":"https:\/\/schema.org","@graph":[{"@type":"WebPage","@id":"https:\/\/www.alvdalencamping.se\/de\/std\/","url":"https:\/\/www.alvdalencamping.se\/de\/std\/","name":"Std - se hur vi har \u00f6ppet | \u00c4lvdalens Camping","isPartOf":{"@id":"https:\/\/www.alvdalencamping.se\/#website"},"datePublished":"2017-02-16T10:20:56+00:00","dateModified":"2020-05-18T12:22:45+00:00","description":"H\u00e4r hittar du \u00f6ppettider och tider f\u00f6r in- och utcheckning p\u00e5 v\u00e5r camping i \u00c4lvdalen. Kontakta oss h\u00e4r om det \u00e4r n\u00e5gra funderingar.","breadcrumb":{"@id":"https:\/\/www.alvdalencamping.se\/de\/std\/#breadcrumb"},"inLanguage":"de","potentialAction":[{"@type":"ReadAction","target":["https:\/\/www.alvdalencamping.se\/de\/std\/"]}]},{"@type":"BreadcrumbList","@id":"https:\/\/www.alvdalencamping.se\/de\/std\/#breadcrumb","itemListElement":[{"@type":"ListItem","position":1,"name":"Hem","item":"https:\/\/www.alvdalencamping.se\/de\/"},{"@type":"ListItem","position":2,"name":"Std"}]},{"@type":"WebSite","@id":"https:\/\/www.alvdalencamping.se\/#website","url":"https:\/\/www.alvdalencamping.se\/","name":"\u00c4lvdalens Camping","description":"Naturn\u00e4ra camping i norra Dalarna","potentialAction":[{"@type":"SearchAction","target":{"@type":"EntryPoint","urlTemplate":"https:\/\/www.alvdalencamping.se\/?s={search_term_string}"},"query-input":{"@type":"PropertyValueSpecification","valueRequired":true,"valueName":"search_term_string"}}],"inLanguage":"de"}]}},"_links":{"self":[{"href":"https:\/\/www.alvdalencamping.se\/de\/wp-json\/wp\/v2\/pages\/2163","targetHints":{"allow":["GET"]}}],"collection":[{"href":"https:\/\/www.alvdalencamping.se\/de\/wp-json\/wp\/v2\/pages"}],"about":[{"href":"https:\/\/www.alvdalencamping.se\/de\/wp-json\/wp\/v2\/types\/page"}],"author":[{"embeddable":true,"href":"https:\/\/www.alvdalencamping.se\/de\/wp-json\/wp\/v2\/users\/5"}],"replies":[{"embeddable":true,"href":"https:\/\/www.alvdalencamping.se\/de\/wp-json\/wp\/v2\/comments?post=2163"}],"version-history":[{"count":8,"href":"https:\/\/www.alvdalencamping.se\/de\/wp-json\/wp\/v2\/pages\/2163\/revisions"}],"predecessor-version":[{"id":3068,"href":"https:\/\/www.alvdalencamping.se\/de\/wp-json\/wp\/v2\/pages\/2163\/revisions\/3068"}],"wp:attachment":[{"href":"https:\/\/www.alvdalencamping.se\/de\/wp-json\/wp\/v2\/media?parent=2163"}],"curies":[{"name":"wp","href":"https:\/\/api.w.org\/{rel}","templated":true}]}}