{"id":2492,"date":"2020-04-28T16:14:04","date_gmt":"2020-04-28T14:14:04","guid":{"rendered":"https:\/\/www.alvdalencamping.se\/sehen-tun\/touristenattraktionen\/basta-utsikten-hykieberg\/"},"modified":"2020-05-15T11:32:16","modified_gmt":"2020-05-15T09:32:16","slug":"beste-aussicht-hykieberg","status":"publish","type":"page","link":"https:\/\/www.alvdalencamping.se\/de\/sehen-tun\/touristenattraktionen\/beste-aussicht-hykieberg\/","title":{"rendered":"Beste Aussicht \u2013 Hykieberg"},"content":{"rendered":"\n\t<section class=\"section sid-header dark has-parallax\" id=\"section_1004744558\">\n\t\t<div class=\"section-bg fill\" data-parallax-container=\".section\" data-parallax-background data-parallax=\"-5\">\n\t\t\t<img loading=\"lazy\" decoding=\"async\" width=\"2000\" height=\"1333\" src=\"https:\/\/www.alvdalencamping.se\/wp-content\/uploads\/2020\/05\/hyk3w.jpg\" class=\"bg attachment-original size-original\" alt=\"\" \/>\t\t\t\t\t\t<div class=\"section-bg-overlay absolute fill\"><\/div>\n\t\t\t\n\n\t\t<\/div>\n\n\t\t\n\n\t\t<div class=\"section-content relative\">\n\t\t\t\n<div class=\"row align-right header-text\"  id=\"row-2130725863\">\n\n\t<div id=\"col-1028195266\" class=\"col medium-6 small-12 large-6\"  >\n\t\t\t\t<div class=\"col-inner dark\"  >\n\t\t\t\n\t\t\t\n<h1 style=\"text-align: right;\">Hykieberg<\/h1>\n<p style=\"text-align: right;\">\u00a0<\/p>\n\t\t<\/div>\n\t\t\t\t\t<\/div>\n\n\t\n<\/div>\n\t\t<\/div>\n\n\t\t\n<style>\n#section_1004744558 {\n  padding-top: 90px;\n  padding-bottom: 90px;\n  min-height: 400px;\n}\n#section_1004744558 .section-bg-overlay {\n  background-color: rgba(0, 0, 0, 0.6);\n}\n#section_1004744558 .section-bg img {\n  object-position: 44% 45%;\n}\n@media (min-width:550px) {\n  #section_1004744558 {\n    padding-top: 90px;\n    padding-bottom: 90px;\n  }\n}\n@media (min-width:850px) {\n  #section_1004744558 {\n    min-height: 300px;\n  }\n}\n<\/style>\n\t<\/section>\n\t\n\n\t<section class=\"section\" id=\"section_2026114900\">\n\t\t<div class=\"section-bg fill\" >\n\t\t\t\t\t\t\t\t\t\n\t\t\t\n\n\t\t<\/div>\n\n\t\t\n\n\t\t<div class=\"section-content relative\">\n\t\t\t\n<div class=\"row align-middle\"  id=\"row-421996545\">\n\n\t<div id=\"col-1970222927\" class=\"col medium-8 small-12 large-8\"  >\n\t\t\t\t<div class=\"col-inner text-center\"  >\n\t\t\t\n\t\t\t\n<h3 style=\"text-align: left;\">Sch\u00f6nes Ausflugsziel!<\/h3>\n<p style=\"text-align: left;\">Beim Besuch des Naturreservats Hykieberg handelt es sich um einen wundersch\u00f6nen Ausflug f\u00fcr Gro\u00df und Klein. Hier liegt eine imponierende, 100 m hohe Steilwand, was den Hykieberg zu einem Muss f\u00fcr alle Kletterfans macht. Man spricht sogar manchmal von \u201eHykie-Fieber\u201c. Hoch oben auf dem Gipfel befindet sich ein so genanntes \u201eSlogbod\u201c, eine Grillh\u00fctte, etwa 20 Gehminuten vom Parkplatz entfernt. Unterhalb der Steilwand wachsen Pflanzen, die es so weit n\u00f6rdlich eigentlich gar nicht mehr geben sollte.<\/p>\n\t\t<\/div>\n\t\t\t\t\t<\/div>\n\n\t\n\n\t<div id=\"col-577512042\" class=\"col pris-aktivitet medium-4 small-12 large-4\"  >\n\t\t\t\t<div class=\"col-inner dark\" style=\"background-color:rgb(57, 75, 63);\" >\n\t\t\t\n\t\t\t\n\n\t\t<div class=\"icon-box featured-box icon-box-center text-center is-large\"  >\n\t\t\t\t\t<div class=\"icon-box-img has-icon-bg\" style=\"width: 128px\">\n\t\t\t\t<div class=\"icon\">\n\t\t\t\t\t<div class=\"icon-inner\" style=\"border-width:2px;color:rgb(57, 75, 63);\">\n\t\t\t\t\t\t<?xml version=\"1.0\" encoding=\"UTF-8\"?> <!-- Generator: Adobe Illustrator 19.0.0, SVG Export Plug-In . SVG Version: 6.00 Build 0) --> <svg xmlns=\"http:\/\/www.w3.org\/2000\/svg\" xmlns:xlink=\"http:\/\/www.w3.org\/1999\/xlink\" version=\"1.1\" id=\"Layer_1\" x=\"0px\" y=\"0px\" viewBox=\"0 0 344.111 344.111\" style=\"enable-background:new 0 0 344.111 344.111;\" xml:space=\"preserve\"> <g> <g> <g> <path d=\"M191.794,176.199c-1.108,3.2,3.964,4.576,5.06,1.396c1.916-5.524,1.084-11.616-2.28-16.408 c-1.928-2.744-6.484-0.124-4.536,2.652C192.678,167.595,193.302,171.855,191.794,176.199z\"><\/path> <path d=\"M277.014,77.003l-17.348,5.252c-1.38,0.416-2.152,1.868-1.736,3.248c0.336,1.124,1.372,1.848,2.492,1.848 c0.248,0,0.504-0.036,0.752-0.112l17.348-5.252c1.38-0.416,2.156-1.872,1.74-3.248C279.85,77.363,278.382,76.591,277.014,77.003z \"><\/path> <path d=\"M238.854,88.559l-97.128,29.408c-1.38,0.416-2.152,1.872-1.736,3.248c0.336,1.124,1.372,1.852,2.492,1.852 c0.252,0,0.504-0.036,0.752-0.116l97.128-29.408c1.38-0.416,2.156-1.872,1.74-3.248C241.686,88.919,240.23,88.147,238.854,88.559 z\"><\/path> <path d=\"M131.474,121.071l-19.196,5.812c-1.38,0.416-2.156,1.868-1.74,3.248c0.34,1.124,1.376,1.848,2.492,1.848 c0.252,0,0.504-0.036,0.752-0.112l19.196-5.812c1.38-0.416,2.156-1.872,1.74-3.248 C134.31,121.435,132.842,120.655,131.474,121.071z\"><\/path> <path d=\"M333.118,109.191c9.896-2.872,13.788-18.428,8.868-35.416c-4.94-16.988-16.564-28.052-26.432-25.176 c-0.98,0.284-1.748,0.936-2.208,1.76l-3.08-10.16c-2.276-7.504-10.244-11.756-17.728-9.488c-3.624,1.096-6.616,3.552-8.408,6.908 c-1.792,3.36-2.18,7.2-1.084,10.828l2.092,6.904l-178.352,58.316l-5.508-19.236c-0.004-0.004-0.004-0.012-0.008-0.02 l53.044-15.184c4.512-1.292,7.132-6.016,5.84-10.524c-1.292-4.512-6-7.136-10.528-5.84L78.33,83.271 c-4.508,1.292-7.128,6.012-5.836,10.524c0.62,2.184,2.064,3.992,4.052,5.096c1.288,0.712,2.704,1.076,4.128,1.076 c0.784,0,1.572-0.112,2.344-0.332l3.2-0.916c0.004,0.008,0,0.016,0.004,0.02l5.6,19.56c0.024,0.084,0.08,0.144,0.108,0.224 l-38.952,12.736c-2.672-7.192-10.42-11.296-17.936-9.188l-0.74,0.212c-3.82,1.068-7,3.576-8.956,7.056 c-1.952,3.48-2.436,7.5-1.364,11.316l0.408,1.46c-3.616-1.76-7.664-2.204-11.56-1.108l-0.848,0.24 c-4.212,1.18-7.712,3.94-9.86,7.768c-2.156,3.832-2.688,8.256-1.508,12.464l5.44,19.384c2.036,7.232,8.636,11.972,15.804,11.972 c1.468,0,2.96-0.196,4.436-0.612l0.848-0.24c3.884-1.088,7.12-3.576,9.292-6.964l0.264,0.944c1.072,3.82,3.58,7,7.056,8.952 c2.272,1.276,4.768,1.928,7.292,1.928c1.348,0,2.7-0.188,4.028-0.56l0.748-0.212c3.82-1.072,7-3.576,8.952-7.056 c1.356-2.412,1.956-5.088,1.868-7.78l107.232-25.26c-4.632,3.852-7.648,9.584-7.648,16.064c0,4.64,1.564,8.892,4.124,12.368 l-44.236,119.008c-0.728,1.964-0.644,4.1,0.232,6.008c0.88,1.912,2.44,3.36,4.4,4.092c0.888,0.332,1.808,0.496,2.728,0.496 c1.116,0,2.232-0.244,3.276-0.724c1.912-0.876,3.364-2.436,4.092-4.4l32.808-88.304h28.84l32.804,88.304 c0.728,1.96,2.18,3.524,4.092,4.4c1.052,0.48,2.164,0.724,3.28,0.724c0.92,0,1.84-0.164,2.728-0.496 c1.96-0.728,3.52-2.184,4.4-4.092c0.872-1.912,0.952-4.044,0.232-6l-44.668-121.076c1.744-3.056,2.82-6.548,2.82-10.312 c0-9.884-6.892-18.144-16.108-20.352l114.108-26.88l1.224,4.044c1.096,3.624,3.552,6.612,6.912,8.408 c2.104,1.124,4.392,1.692,6.708,1.692c1.38,0,2.764-0.204,4.116-0.612c7.504-2.272,11.756-10.228,9.492-17.736l-3.456-11.408 c0.3,0.076,0.596,0.148,0.908,0.148C332.426,109.339,332.774,109.287,333.118,109.191z M81.578,94.627 c-0.84,0.252-1.732,0.14-2.508-0.292c-0.776-0.428-1.332-1.132-1.572-1.972c-0.496-1.748,0.516-3.584,2.264-4.084l71.304-20.408 c0.3-0.088,0.604-0.128,0.908-0.128c1.436,0,2.764,0.944,3.176,2.388c0.496,1.752-0.516,3.584-2.272,4.084L81.578,94.627z M91.226,97.311l2.736-0.784l2.312-0.66l5.56,19.424l-3.692,1.204l-1.316,0.376L91.226,97.311z M30.502,180.563 c-1.18,2.096-3.092,3.608-5.384,4.252h-0.004l-0.84,0.24c-2.292,0.648-4.708,0.348-6.804-0.828 c-2.096-1.18-3.608-3.088-4.252-5.38l-5.44-19.38c-0.648-2.296-0.352-4.712,0.824-6.812c1.18-2.096,3.092-3.604,5.38-4.248 l0.852-0.24c0.792-0.22,1.604-0.332,2.408-0.332c1.524,0,3.024,0.392,4.396,1.164c2.096,1.176,3.608,3.088,4.252,5.38 l5.44,19.384C31.974,176.051,31.678,178.467,30.502,180.563z M58.278,185.367c-0.98,1.744-2.572,3-4.476,3.536l-0.752,0.212 c-1.904,0.528-3.908,0.292-5.66-0.692c-1.744-0.98-3-2.568-3.532-4.472l-12.716-45.308c-0.54-1.904-0.292-3.916,0.688-5.66 c0.98-1.744,2.568-3,4.48-3.536l0.736-0.212c0.672-0.188,1.348-0.276,2.016-0.276c3.264,0,6.264,2.156,7.184,5.444l12.716,45.308 C59.502,181.611,59.254,183.623,58.278,185.367z M135.962,307.071c-0.508,1.372-2.036,2.056-3.4,1.564 c-0.656-0.248-1.184-0.736-1.484-1.38c-0.296-0.648-0.324-1.364-0.08-2.02l43.364-116.716c1.42,1.104,2.928,2.096,4.6,2.812 L135.962,307.071z M175.587,215.367l8.423-22.672c1.044,0.164,2.092,0.32,3.184,0.32c1.668,0,3.272-0.244,4.828-0.616 l8.532,22.968H175.587z M245.142,305.231c0.244,0.656,0.216,1.372-0.08,2.024c-0.3,0.64-0.824,1.132-1.476,1.38 c-0.656,0.24-1.38,0.22-2.02-0.084c-0.652-0.3-1.14-0.82-1.388-1.48l-43.296-116.536c1.72-0.904,3.316-1.992,4.712-3.312 L245.142,305.231z M202.966,172.035c0,8.696-7.072,15.772-15.772,15.772s-15.772-7.076-15.772-15.772s7.072-15.772,15.772-15.772 S202.966,163.339,202.966,172.035z M65.742,173.795l-9.992-35.612l230.732-75.44l15.552,55.392L65.742,173.795z M322.982,131.215 c-1.72,0.528-3.552,0.34-5.164-0.524c-1.604-0.856-2.772-2.276-3.296-4l-24.352-80.4c-0.52-1.72-0.336-3.552,0.52-5.156 c0.856-1.604,2.28-2.776,4-3.296c0.656-0.196,1.312-0.292,1.964-0.292c2.908,0,5.604,1.892,6.492,4.82l24.356,80.396 C328.586,126.339,326.554,130.131,322.982,131.215z M331.042,102.047c-0.7,0.204-1.24,0.632-1.692,1.14l-14.46-47.72 c0.82,0.424,1.784,0.56,2.732,0.284c4.968-1.412,13.364,6.852,17.208,20.108C338.674,89.103,335.994,100.611,331.042,102.047z\"><\/path> <\/g> <\/g> <\/g> <g> <\/g> <g> <\/g> <g> <\/g> <g> <\/g> <g> <\/g> <g> <\/g> <g> <\/g> <g> <\/g> <g> <\/g> <g> <\/g> <g> <\/g> <g> <\/g> <g> <\/g> <g> <\/g> <g> <\/g> <\/svg> \t\t\t\t\t<\/div>\n\t\t\t\t<\/div>\n\t\t\t<\/div>\n\t\t\t\t<div class=\"icon-box-text last-reset\">\n\t\t\t\t\t\t\t\t\t\n<h5>SCH\u00d6NER TAGESAUSFLUG<\/h5>\n<div class=\"is-divider divider clearfix\" style=\"margin-top:0.5em;margin-bottom:0.5em;max-width:40px;\"><\/div>\n<p>Ausflugsziele f\u00fcr gro\u00dfe und kleine<\/p>\n\t<div id=\"gap-1837904061\" class=\"gap-element clearfix\" style=\"display:block; height:auto;\">\n\t\t\n<style>\n#gap-1837904061 {\n  padding-top: 30px;\n}\n<\/style>\n\t<\/div>\n\t\n\t\t<\/div>\n\t<\/div>\n\t\n\t\n\t\t<\/div>\n\t\t\t\t\n<style>\n#col-577512042 > .col-inner {\n  padding: 10% 10% 10% 10%;\n}\n<\/style>\n\t<\/div>\n\n\t\n\n\t<div id=\"col-1903419267\" class=\"col small-12 large-12\"  >\n\t\t\t\t<div class=\"col-inner\"  >\n\t\t\t\n\t\t\t\n\t\t<\/div>\n\t\t\t\t\t<\/div>\n\n\t\n<\/div>\n<div class=\"row\"  id=\"row-1666054564\">\n\n\t<div id=\"col-1098917558\" class=\"col small-12 large-12\"  >\n\t\t\t\t<div class=\"col-inner\"  >\n\t\t\t\n\t\t\t\n  <div class=\"banner-grid-wrapper\">\n  <div id=\"banner-grid-1343363321\" class=\"banner-grid row row-grid row-xsmall\" data-packery-options=\"\">\n                      \n<div class=\"col grid-col large-12 grid-col-1\" ><div class=\"col-inner\">\n\n  <div class=\"banner has-hover\" id=\"banner-454418113\">\n          <div class=\"banner-inner fill\">\n        <div class=\"banner-bg fill\" >\n            <img loading=\"lazy\" decoding=\"async\" width=\"1000\" height=\"1500\" src=\"https:\/\/www.alvdalencamping.se\/wp-content\/uploads\/2020\/05\/svamp.jpg\" class=\"bg attachment-original size-original\" alt=\"\" \/>                                    \n                    <\/div>\n\t\t\n        <div class=\"banner-layers container\">\n            <div class=\"fill banner-link\"><\/div>            \n        <\/div>\n      <\/div>\n\n            \n<style>\n#banner-454418113 {\n  padding-top: 500px;\n}\n#banner-454418113 .banner-bg img {\n  object-position: 50% 51%;\n}\n<\/style>\n  <\/div>\n\n\n<\/div><\/div>\n<div class=\"col grid-col small-6 large-3 grid-col-1 hide-for-small\" ><div class=\"col-inner\">\n\n  <div class=\"banner has-hover\" id=\"banner-2114996915\">\n          <div class=\"banner-inner fill\">\n        <div class=\"banner-bg fill\" >\n            <img loading=\"lazy\" decoding=\"async\" width=\"2304\" height=\"1553\" src=\"https:\/\/www.alvdalencamping.se\/wp-content\/uploads\/2020\/04\/creek-III.jpg\" class=\"bg attachment-original size-original\" alt=\"\" \/>                                    \n                    <\/div>\n\t\t\n        <div class=\"banner-layers container\">\n            <div class=\"fill banner-link\"><\/div>            \n        <\/div>\n      <\/div>\n\n            \n<style>\n#banner-2114996915 {\n  padding-top: 500px;\n}\n#banner-2114996915 .banner-bg img {\n  object-position: 47% 58%;\n}\n<\/style>\n  <\/div>\n\n\n<\/div><\/div>\n<div class=\"col grid-col small-6 large-3 grid-col-1-2\" ><div class=\"col-inner\">\n\n  <div class=\"banner has-hover\" id=\"banner-452149419\">\n          <div class=\"banner-inner fill\">\n        <div class=\"banner-bg fill\" >\n            <img loading=\"lazy\" decoding=\"async\" width=\"901\" height=\"550\" src=\"https:\/\/www.alvdalencamping.se\/wp-content\/uploads\/2017\/02\/pic10-2.jpg\" class=\"bg attachment-original size-original\" alt=\"\" \/>                                    \n                    <\/div>\n\t\t\n        <div class=\"banner-layers container\">\n            <div class=\"fill banner-link\"><\/div>            \n        <\/div>\n      <\/div>\n\n            \n<style>\n#banner-452149419 {\n  padding-top: 500px;\n}\n#banner-452149419 .banner-bg img {\n  object-position: 48% 52%;\n}\n<\/style>\n  <\/div>\n\n\n<\/div><\/div>\n<div class=\"col grid-col small-6 large-6 grid-col-1 hide-for-small\" ><div class=\"col-inner\">\n\n  <div class=\"banner has-hover\" id=\"banner-1480189043\">\n          <div class=\"banner-inner fill\">\n        <div class=\"banner-bg fill\" >\n            <img loading=\"lazy\" decoding=\"async\" width=\"295\" height=\"164\" src=\"https:\/\/www.alvdalencamping.se\/wp-content\/uploads\/2017\/02\/hykieberg.jpg\" class=\"bg attachment-original size-original\" alt=\"Bes\u00f6k Hykieberg i Dalarna, \u00c4lvdalens Camping\" \/>                                    \n                    <\/div>\n\t\t\n        <div class=\"banner-layers container\">\n            <div class=\"fill banner-link\"><\/div>            \n        <\/div>\n      <\/div>\n\n            \n<style>\n#banner-1480189043 {\n  padding-top: 500px;\n}\n#banner-1480189043 .banner-bg img {\n  object-position: 60% 100%;\n}\n<\/style>\n  <\/div>\n\n\n<\/div><\/div>\n<div class=\"col grid-col small-6 large-3 grid-col-1-2\" ><div class=\"col-inner\">\n\n  <div class=\"banner has-hover\" id=\"banner-1203867671\">\n          <div class=\"banner-inner fill\">\n        <div class=\"banner-bg fill\" >\n            <img loading=\"lazy\" decoding=\"async\" width=\"2000\" height=\"1333\" src=\"https:\/\/www.alvdalencamping.se\/wp-content\/uploads\/2020\/05\/canyon-1.jpg\" class=\"bg attachment-original size-original\" alt=\"\" \/>                                    \n                    <\/div>\n\t\t\n        <div class=\"banner-layers container\">\n            <div class=\"fill banner-link\"><\/div>            \n        <\/div>\n      <\/div>\n\n            \n<style>\n#banner-1203867671 {\n  padding-top: 500px;\n}\n#banner-1203867671 .banner-bg img {\n  object-position: 59% 59%;\n}\n<\/style>\n  <\/div>\n\n\n<\/div><\/div>\n            <\/div>\n    <style>\n    #banner-grid-1343363321 .grid-col-1{height: 400px}\n    #banner-grid-1343363321 .grid-col-1-2{height: 200px}\n    #banner-grid-1343363321 .grid-col-1-3{height:133.33333333333px}\n    #banner-grid-1343363321 .grid-col-2-3{height: 266.66666666667px}\n    #banner-grid-1343363321 .grid-col-1-4{height: 100px}\n    #banner-grid-1343363321 .grid-col-3-4{height: 300px}\n\n\n    \n    \n\n  <\/style>\n    <\/div>\n  \n\t\t<\/div>\n\t\t\t\t\t<\/div>\n\n\t\n<\/div>\n\t\t<\/div>\n\n\t\t\n<style>\n#section_2026114900 {\n  padding-top: 30px;\n  padding-bottom: 30px;\n}\n@media (min-width:550px) {\n  #section_2026114900 {\n    padding-top: 60px;\n    padding-bottom: 60px;\n  }\n}\n@media (min-width:850px) {\n  #section_2026114900 {\n    padding-top: 90px;\n    padding-bottom: 90px;\n  }\n}\n<\/style>\n\t<\/section>\n\t\n","protected":false},"excerpt":{"rendered":"","protected":false},"author":5,"featured_media":2493,"parent":2231,"menu_order":0,"comment_status":"closed","ping_status":"closed","template":"page-blank.php","meta":{"footnotes":""},"class_list":["post-2492","page","type-page","status-publish","has-post-thumbnail","hentry"],"yoast_head":"<!-- This site is optimized with the Yoast SEO plugin v27.4 - https:\/\/yoast.com\/product\/yoast-seo-wordpress\/ -->\n<title>Beste Aussicht \u2013 Hykieberg | \u00c4lvdalens Camping<\/title>\n<meta name=\"robots\" content=\"index, follow, max-snippet:-1, max-image-preview:large, max-video-preview:-1\" \/>\n<link rel=\"canonical\" href=\"https:\/\/www.alvdalencamping.se\/de\/sehen-tun\/touristenattraktionen\/beste-aussicht-hykieberg\/\" \/>\n<meta property=\"og:locale\" content=\"de_DE\" \/>\n<meta property=\"og:type\" content=\"article\" \/>\n<meta property=\"og:title\" content=\"Beste Aussicht \u2013 Hykieberg | \u00c4lvdalens Camping\" \/>\n<meta property=\"og:url\" content=\"https:\/\/www.alvdalencamping.se\/de\/sehen-tun\/touristenattraktionen\/beste-aussicht-hykieberg\/\" \/>\n<meta property=\"og:site_name\" content=\"\u00c4lvdalens Camping\" \/>\n<meta property=\"article:publisher\" content=\"https:\/\/www.facebook.com\/profile.php?id=100057402793121\" \/>\n<meta property=\"article:modified_time\" content=\"2020-05-15T09:32:16+00:00\" \/>\n<meta property=\"og:image\" content=\"https:\/\/www.alvdalencamping.se\/wp-content\/uploads\/2017\/02\/pic10-2.jpg\" \/>\n\t<meta property=\"og:image:width\" content=\"901\" \/>\n\t<meta property=\"og:image:height\" content=\"550\" \/>\n\t<meta property=\"og:image:type\" content=\"image\/jpeg\" \/>\n<meta name=\"twitter:card\" content=\"summary_large_image\" \/>\n<meta name=\"twitter:label1\" content=\"Gesch\u00e4tzte Lesezeit\" \/>\n\t<meta name=\"twitter:data1\" content=\"2\u00a0Minuten\" \/>\n<script type=\"application\/ld+json\" class=\"yoast-schema-graph\">{\"@context\":\"https:\\\/\\\/schema.org\",\"@graph\":[{\"@type\":\"WebPage\",\"@id\":\"https:\\\/\\\/www.alvdalencamping.se\\\/de\\\/sehen-tun\\\/touristenattraktionen\\\/beste-aussicht-hykieberg\\\/\",\"url\":\"https:\\\/\\\/www.alvdalencamping.se\\\/de\\\/sehen-tun\\\/touristenattraktionen\\\/beste-aussicht-hykieberg\\\/\",\"name\":\"Beste Aussicht \u2013 Hykieberg | \u00c4lvdalens Camping\",\"isPartOf\":{\"@id\":\"https:\\\/\\\/www.alvdalencamping.se\\\/#website\"},\"primaryImageOfPage\":{\"@id\":\"https:\\\/\\\/www.alvdalencamping.se\\\/de\\\/sehen-tun\\\/touristenattraktionen\\\/beste-aussicht-hykieberg\\\/#primaryimage\"},\"image\":{\"@id\":\"https:\\\/\\\/www.alvdalencamping.se\\\/de\\\/sehen-tun\\\/touristenattraktionen\\\/beste-aussicht-hykieberg\\\/#primaryimage\"},\"thumbnailUrl\":\"https:\\\/\\\/www.alvdalencamping.se\\\/wp-content\\\/uploads\\\/2017\\\/02\\\/pic10-2.jpg\",\"datePublished\":\"2020-04-28T14:14:04+00:00\",\"dateModified\":\"2020-05-15T09:32:16+00:00\",\"breadcrumb\":{\"@id\":\"https:\\\/\\\/www.alvdalencamping.se\\\/de\\\/sehen-tun\\\/touristenattraktionen\\\/beste-aussicht-hykieberg\\\/#breadcrumb\"},\"inLanguage\":\"de\",\"potentialAction\":[{\"@type\":\"ReadAction\",\"target\":[\"https:\\\/\\\/www.alvdalencamping.se\\\/de\\\/sehen-tun\\\/touristenattraktionen\\\/beste-aussicht-hykieberg\\\/\"]}]},{\"@type\":\"ImageObject\",\"inLanguage\":\"de\",\"@id\":\"https:\\\/\\\/www.alvdalencamping.se\\\/de\\\/sehen-tun\\\/touristenattraktionen\\\/beste-aussicht-hykieberg\\\/#primaryimage\",\"url\":\"https:\\\/\\\/www.alvdalencamping.se\\\/wp-content\\\/uploads\\\/2017\\\/02\\\/pic10-2.jpg\",\"contentUrl\":\"https:\\\/\\\/www.alvdalencamping.se\\\/wp-content\\\/uploads\\\/2017\\\/02\\\/pic10-2.jpg\",\"width\":901,\"height\":550},{\"@type\":\"BreadcrumbList\",\"@id\":\"https:\\\/\\\/www.alvdalencamping.se\\\/de\\\/sehen-tun\\\/touristenattraktionen\\\/beste-aussicht-hykieberg\\\/#breadcrumb\",\"itemListElement\":[{\"@type\":\"ListItem\",\"position\":1,\"name\":\"Hem\",\"item\":\"https:\\\/\\\/www.alvdalencamping.se\\\/de\\\/\"},{\"@type\":\"ListItem\",\"position\":2,\"name\":\"Sehen &#038; tun\",\"item\":\"https:\\\/\\\/www.alvdalencamping.se\\\/de\\\/sehen-tun\\\/\"},{\"@type\":\"ListItem\",\"position\":3,\"name\":\"Touristenattraktionen\",\"item\":\"https:\\\/\\\/www.alvdalencamping.se\\\/de\\\/sehen-tun\\\/touristenattraktionen\\\/\"},{\"@type\":\"ListItem\",\"position\":4,\"name\":\"Beste Aussicht \u2013 Hykieberg\"}]},{\"@type\":\"WebSite\",\"@id\":\"https:\\\/\\\/www.alvdalencamping.se\\\/#website\",\"url\":\"https:\\\/\\\/www.alvdalencamping.se\\\/\",\"name\":\"\u00c4lvdalens Camping\",\"description\":\"Naturn\u00e4ra camping i norra Dalarna\",\"potentialAction\":[{\"@type\":\"SearchAction\",\"target\":{\"@type\":\"EntryPoint\",\"urlTemplate\":\"https:\\\/\\\/www.alvdalencamping.se\\\/?s={search_term_string}\"},\"query-input\":{\"@type\":\"PropertyValueSpecification\",\"valueRequired\":true,\"valueName\":\"search_term_string\"}}],\"inLanguage\":\"de\"}]}<\/script>\n<!-- \/ Yoast SEO plugin. -->","yoast_head_json":{"title":"Beste Aussicht \u2013 Hykieberg | \u00c4lvdalens Camping","robots":{"index":"index","follow":"follow","max-snippet":"max-snippet:-1","max-image-preview":"max-image-preview:large","max-video-preview":"max-video-preview:-1"},"canonical":"https:\/\/www.alvdalencamping.se\/de\/sehen-tun\/touristenattraktionen\/beste-aussicht-hykieberg\/","og_locale":"de_DE","og_type":"article","og_title":"Beste Aussicht \u2013 Hykieberg | \u00c4lvdalens Camping","og_url":"https:\/\/www.alvdalencamping.se\/de\/sehen-tun\/touristenattraktionen\/beste-aussicht-hykieberg\/","og_site_name":"\u00c4lvdalens Camping","article_publisher":"https:\/\/www.facebook.com\/profile.php?id=100057402793121","article_modified_time":"2020-05-15T09:32:16+00:00","og_image":[{"width":901,"height":550,"url":"https:\/\/www.alvdalencamping.se\/wp-content\/uploads\/2017\/02\/pic10-2.jpg","type":"image\/jpeg"}],"twitter_card":"summary_large_image","twitter_misc":{"Gesch\u00e4tzte Lesezeit":"2\u00a0Minuten"},"schema":{"@context":"https:\/\/schema.org","@graph":[{"@type":"WebPage","@id":"https:\/\/www.alvdalencamping.se\/de\/sehen-tun\/touristenattraktionen\/beste-aussicht-hykieberg\/","url":"https:\/\/www.alvdalencamping.se\/de\/sehen-tun\/touristenattraktionen\/beste-aussicht-hykieberg\/","name":"Beste Aussicht \u2013 Hykieberg | \u00c4lvdalens Camping","isPartOf":{"@id":"https:\/\/www.alvdalencamping.se\/#website"},"primaryImageOfPage":{"@id":"https:\/\/www.alvdalencamping.se\/de\/sehen-tun\/touristenattraktionen\/beste-aussicht-hykieberg\/#primaryimage"},"image":{"@id":"https:\/\/www.alvdalencamping.se\/de\/sehen-tun\/touristenattraktionen\/beste-aussicht-hykieberg\/#primaryimage"},"thumbnailUrl":"https:\/\/www.alvdalencamping.se\/wp-content\/uploads\/2017\/02\/pic10-2.jpg","datePublished":"2020-04-28T14:14:04+00:00","dateModified":"2020-05-15T09:32:16+00:00","breadcrumb":{"@id":"https:\/\/www.alvdalencamping.se\/de\/sehen-tun\/touristenattraktionen\/beste-aussicht-hykieberg\/#breadcrumb"},"inLanguage":"de","potentialAction":[{"@type":"ReadAction","target":["https:\/\/www.alvdalencamping.se\/de\/sehen-tun\/touristenattraktionen\/beste-aussicht-hykieberg\/"]}]},{"@type":"ImageObject","inLanguage":"de","@id":"https:\/\/www.alvdalencamping.se\/de\/sehen-tun\/touristenattraktionen\/beste-aussicht-hykieberg\/#primaryimage","url":"https:\/\/www.alvdalencamping.se\/wp-content\/uploads\/2017\/02\/pic10-2.jpg","contentUrl":"https:\/\/www.alvdalencamping.se\/wp-content\/uploads\/2017\/02\/pic10-2.jpg","width":901,"height":550},{"@type":"BreadcrumbList","@id":"https:\/\/www.alvdalencamping.se\/de\/sehen-tun\/touristenattraktionen\/beste-aussicht-hykieberg\/#breadcrumb","itemListElement":[{"@type":"ListItem","position":1,"name":"Hem","item":"https:\/\/www.alvdalencamping.se\/de\/"},{"@type":"ListItem","position":2,"name":"Sehen &#038; tun","item":"https:\/\/www.alvdalencamping.se\/de\/sehen-tun\/"},{"@type":"ListItem","position":3,"name":"Touristenattraktionen","item":"https:\/\/www.alvdalencamping.se\/de\/sehen-tun\/touristenattraktionen\/"},{"@type":"ListItem","position":4,"name":"Beste Aussicht \u2013 Hykieberg"}]},{"@type":"WebSite","@id":"https:\/\/www.alvdalencamping.se\/#website","url":"https:\/\/www.alvdalencamping.se\/","name":"\u00c4lvdalens Camping","description":"Naturn\u00e4ra camping i norra Dalarna","potentialAction":[{"@type":"SearchAction","target":{"@type":"EntryPoint","urlTemplate":"https:\/\/www.alvdalencamping.se\/?s={search_term_string}"},"query-input":{"@type":"PropertyValueSpecification","valueRequired":true,"valueName":"search_term_string"}}],"inLanguage":"de"}]}},"_links":{"self":[{"href":"https:\/\/www.alvdalencamping.se\/de\/wp-json\/wp\/v2\/pages\/2492","targetHints":{"allow":["GET"]}}],"collection":[{"href":"https:\/\/www.alvdalencamping.se\/de\/wp-json\/wp\/v2\/pages"}],"about":[{"href":"https:\/\/www.alvdalencamping.se\/de\/wp-json\/wp\/v2\/types\/page"}],"author":[{"embeddable":true,"href":"https:\/\/www.alvdalencamping.se\/de\/wp-json\/wp\/v2\/users\/5"}],"replies":[{"embeddable":true,"href":"https:\/\/www.alvdalencamping.se\/de\/wp-json\/wp\/v2\/comments?post=2492"}],"version-history":[{"count":6,"href":"https:\/\/www.alvdalencamping.se\/de\/wp-json\/wp\/v2\/pages\/2492\/revisions"}],"predecessor-version":[{"id":3044,"href":"https:\/\/www.alvdalencamping.se\/de\/wp-json\/wp\/v2\/pages\/2492\/revisions\/3044"}],"up":[{"embeddable":true,"href":"https:\/\/www.alvdalencamping.se\/de\/wp-json\/wp\/v2\/pages\/2231"}],"wp:featuredmedia":[{"embeddable":true,"href":"https:\/\/www.alvdalencamping.se\/de\/wp-json\/wp\/v2\/media\/2493"}],"wp:attachment":[{"href":"https:\/\/www.alvdalencamping.se\/de\/wp-json\/wp\/v2\/media?parent=2492"}],"curies":[{"name":"wp","href":"https:\/\/api.w.org\/{rel}","templated":true}]}}