{"id":2504,"date":"2020-04-28T16:14:13","date_gmt":"2020-04-28T14:14:13","guid":{"rendered":"https:\/\/www.alvdalencamping.se\/sehen-tun\/touristenattraktionen\/gessi-fabod\/"},"modified":"2020-05-15T11:36:00","modified_gmt":"2020-05-15T09:36:00","slug":"gessi-chalet","status":"publish","type":"page","link":"https:\/\/www.alvdalencamping.se\/de\/sehen-tun\/touristenattraktionen\/gessi-chalet\/","title":{"rendered":"Gessi Chalet"},"content":{"rendered":"\n\t<section class=\"section sid-header dark has-parallax\" id=\"section_477708408\">\n\t\t<div class=\"section-bg fill\" data-parallax-container=\".section\" data-parallax-background data-parallax=\"-5\">\n\t\t\t<img loading=\"lazy\" decoding=\"async\" width=\"2000\" height=\"1333\" src=\"https:\/\/www.alvdalencamping.se\/wp-content\/uploads\/2020\/05\/kaffestuga.jpg\" class=\"bg attachment-original size-original\" alt=\"\" \/>\t\t\t\t\t\t\n\t\t\t\n\n\t\t<\/div>\n\n\t\t\n\n\t\t<div class=\"section-content relative\">\n\t\t\t\n<div class=\"row align-right header-text\"  id=\"row-708238480\">\n\n\t<div id=\"col-1422471654\" class=\"col medium-6 small-12 large-12\"  >\n\t\t\t\t<div class=\"col-inner dark\"  >\n\t\t\t\n\t\t\t\n<h1 style=\"text-align: right;\">GESSI CHALET<\/h1>\n<p style=\"text-align: right;\">\u00a0<\/p>\n\t\t<\/div>\n\t\t\t\t\t<\/div>\n\n\t\n<\/div>\n\t\t<\/div>\n\n\t\t\n<style>\n#section_477708408 {\n  padding-top: 90px;\n  padding-bottom: 90px;\n  min-height: 400px;\n}\n#section_477708408 .section-bg img {\n  object-position: 35% 40%;\n}\n@media (min-width:550px) {\n  #section_477708408 {\n    padding-top: 90px;\n    padding-bottom: 90px;\n  }\n}\n@media (min-width:850px) {\n  #section_477708408 {\n    min-height: 300px;\n  }\n}\n<\/style>\n\t<\/section>\n\t\n\n\t<section class=\"section\" id=\"section_1594125488\">\n\t\t<div class=\"section-bg fill\" >\n\t\t\t\t\t\t\t\t\t\n\t\t\t\n\n\t\t<\/div>\n\n\t\t\n\n\t\t<div class=\"section-content relative\">\n\t\t\t\n<div class=\"row align-middle\"  id=\"row-333634854\">\n\n\t<div id=\"col-1987450717\" class=\"col medium-8 small-12 large-8\"  >\n\t\t\t\t<div class=\"col-inner text-center\"  >\n\t\t\t\n\t\t\t\n<h3 style=\"text-align: left;\">Ein Besuch in einer vergangenen \u00c4ra<\/h3>\n<p style=\"text-align: left;\">Ein Besuch des Senngeh\u00f6fts Gessi F\u00e4bod bedeutet ein Besuch einer verschwundenen Zeit. Hier tummeln sich zahlreiche Tiere: K\u00fche, Ziegen, H\u00fchner, Kaninchen, Rentiere, Pferde und andere Tiere kann man bei deren Aufenthalt im Sommer entdecken. Hier kann man ebenfalls Sennereiprodukte kaufen und samstags wird hier Imbiss verkauft. Pferdew\u00e4gen fahren zum Senngeh\u00f6ft Gessi F\u00e4bod und man kann hier ebenfalls das Leben auf einer Sennh\u00fctte ausprobieren sowie ein Gastmahl genie\u00dfen.<\/p>\n\t\t<\/div>\n\t\t\t\t\t<\/div>\n\n\t\n\n\t<div id=\"col-657650013\" class=\"col pris-aktivitet medium-4 small-12 large-4\"  >\n\t\t\t\t<div class=\"col-inner dark\" style=\"background-color:rgb(57, 75, 63);\" >\n\t\t\t\n\t\t\t\n\n\t\t<div class=\"icon-box featured-box icon-box-center text-center is-large\"  >\n\t\t\t\t\t<div class=\"icon-box-img has-icon-bg\" style=\"width: 128px\">\n\t\t\t\t<div class=\"icon\">\n\t\t\t\t\t<div class=\"icon-inner\" style=\"border-width:2px;color:rgb(57, 75, 63);\">\n\t\t\t\t\t\t<?xml version=\"1.0\" encoding=\"UTF-8\"?> <!-- Generator: Adobe Illustrator 19.0.0, SVG Export Plug-In . SVG Version: 6.00 Build 0) --> <svg xmlns=\"http:\/\/www.w3.org\/2000\/svg\" xmlns:xlink=\"http:\/\/www.w3.org\/1999\/xlink\" version=\"1.1\" id=\"Layer_1\" x=\"0px\" y=\"0px\" viewBox=\"0 0 319.068 319.068\" style=\"enable-background:new 0 0 319.068 319.068;\" xml:space=\"preserve\"> <g> <g> <g> <path d=\"M319.068,252.071c-0.004-15.66-53.484-22.476-88.944-25.28c0.652-1.42,1.296-2.864,1.94-4.372 c31.868-6.172,52.688-24.972,54.484-49.528c1.188-16.184-4.024-29.368-14.288-36.16c-7.352-4.868-16.384-5.7-24.68-2.46 c-0.8-7.72-2.416-15.064-4.964-21.772c-0.004-3.248-0.224-12.944-53.46-16.8c-0.056-0.004-0.1,0.02-0.152,0.016 c-0.024-4.46,2.048-9,5.86-12.344c0.748-0.66,1.556-1.28,2.364-1.9c2.296-1.764,4.672-3.584,6.092-6.324 c1.26-2.432,1.432-5.012,1.444-6.984c0.04-7.052-2.22-14.2-6.368-20.132c-0.772-1.112-2.3-1.372-3.408-0.608 c-1.108,0.78-1.376,2.304-0.604,3.412c3.572,5.112,5.52,11.248,5.484,17.296c-0.012,2.12-0.288,3.592-0.896,4.764 c-0.916,1.768-2.768,3.192-4.724,4.696c-0.892,0.684-1.78,1.372-2.612,2.1c-5.32,4.668-8.144,11.264-7.556,17.648 c0.632,6.832,5.24,12.98,11.744,15.652c0.304,0.132,0.62,0.188,0.932,0.188c0.96,0,1.872-0.572,2.264-1.516 c0.512-1.252-0.08-2.684-1.332-3.196c-2.752-1.136-5.06-3.18-6.628-5.652c34.108,2.688,43.932,8.132,44.664,9.452 c-2.02,4.14-31.26,11.536-82.344,11.536c-11.744,0-23.14-0.4-33.864-1.204c-1.896-0.144-3.576,1.292-3.72,3.204 s1.292,3.58,3.2,3.72c10.9,0.812,22.464,1.224,34.384,1.224c3.108,0,65.868-0.164,84.208-11.396 c8.532,28.52,0.584,69.468-10.816,97.684c-0.66,0.652-2.516,6.384-4.848,10.852c-0.188,0.26-0.328,0.536-0.44,0.844 c-0.652,1.284-1.304,2.588-1.964,3.768c-8.008,14.348-13.272,16.296-14.696,16.552c-20.356,3.632-73.564,6.856-102.708,0.032 c-7.464-1.74-15.196-9.644-21.784-22.248c-14.104-26.992-21.82-74.616-11.144-107.748c2.824,1.876,7.112,3.52,13.032,5.024 c0.288,0.076,0.576,0.112,0.86,0.112c1.548,0,2.96-1.048,3.36-2.616c0.472-1.86-0.652-3.744-2.508-4.216 c-8.724-2.22-11.232-4.196-11.876-4.892c1.248-1.396,7.428-4.748,25.3-7.512c1.896-0.292,3.192-2.064,2.9-3.96 c-0.292-1.892-2.088-3.192-3.96-2.896c-23.488,3.628-29.584,8.38-30.96,12.236c-0.372,0.34-0.692,0.748-0.892,1.248 c-14.104,35.468-6.128,88.072,9.736,118.436c7.644,14.632,16.756,23.552,26.356,25.796c12.904,3.016,30.336,4.136,47.68,4.136 c23.044,0,45.932-1.98,57.824-4.1c6.172-1.1,12.748-7.828,19.54-19.996c0.412-0.74,0.828-1.588,1.24-2.372 c64.32,4.836,85.304,14.552,85.304,18.56c0,7.316-52.408,20.964-152.592,20.964S6.936,259.395,6.936,252.075 c0-1.956,8.444-8.792,45.96-14.336c1.896-0.28,3.204-2.044,2.928-3.94c-0.28-1.904-2.044-3.192-3.94-2.928 C0,238.539,0,248.723,0,252.071c0,13.704,40.22,21.144,83.924,24.816c-0.216,0.376-0.372,0.788-0.36,1.252 c0.18,6.736,5.716,12.216,12.4,12.352c2.356,0.456,20.716,3.68,64.884,3.68c40.724,0,62.724-3.676,62.532-3.676 c6.796,0,12.468-5.54,12.648-12.356c0.012-0.48-0.156-0.908-0.388-1.292C279.148,273.159,319.068,265.723,319.068,252.071z M247.872,158.159c2.72-4.256,8.776-5.088,11.944-3.276c3.588,2.04,5.708,8.24,5.532,16.18 c-0.164,7.68-4.004,12.896-7.192,15.924c-4.508,4.28-10.56,6.8-16.476,7.076C244.796,182.191,247.48,158.775,247.872,158.159z M239.696,201.075c0.024,0.004,0.04,0.016,0.06,0.016c0.288,0.008,0.58,0.016,0.872,0.016c7.984,0,16.268-3.36,22.304-9.084 c5.86-5.56,9.18-12.948,9.352-20.804c0.24-10.816-3.056-18.964-9.04-22.368c-3.096-1.756-8.156-2.896-15.076,0.704 c0.044-2.668,0.024-5.32-0.088-7.944c6.724-3.404,14.32-3.08,20.348,0.912c8.112,5.368,12.196,16.256,11.2,29.864 c-1.48,20.164-18.336,35.964-44.492,42.284C236.748,210.355,238.284,205.819,239.696,201.075z M231.168,278.011 c-0.108,4.204-3.604,7.624-8.196,7.656c-0.212,0.04-21.868,3.644-62.124,3.644c-45.856,0-63.968-3.592-64.144-3.628 c-0.16-0.028-0.324-0.048-0.488-0.048c-4.184,0-7.68-3.42-7.792-7.624c-0.008-0.276-0.088-0.532-0.18-0.78 c25.364,1.984,51.488,2.74,71.288,2.74c19.94,0,46.288-0.768,71.824-2.78C231.252,277.447,231.172,277.715,231.168,278.011z\"><\/path> <path d=\"M219.524,191.327c-2.288,6.78-5.176,13.256-8.66,19.504c-1.536,2.752,2.688,5.228,4.228,2.472 c3.688-6.608,6.736-13.504,9.156-20.672C225.26,189.639,220.532,188.355,219.524,191.327z\"><\/path> <path d=\"M227.196,182.023c3.448-16.208,3.68-32.388,0.704-48.696c-0.564-3.096-5.284-1.784-4.724,1.304 c2.82,15.444,2.564,30.736-0.704,46.088C221.82,183.791,226.54,185.107,227.196,182.023z\"><\/path> <path d=\"M264.668,256.247c-1.64,0.144-3.056,0.268-4.136,0.388c-1.336,0.148-2.296,1.348-2.148,2.684 c0.136,1.244,1.188,2.16,2.412,2.16c0.088,0,0.176-0.004,0.268-0.016c1.052-0.116,2.432-0.24,4.028-0.376 c12.404-1.08,23.852-2.392,27.668-6.424c1.972-2.084,1.692-4.036,1.352-5.016c-0.956-2.736-4.512-5.9-23.66-8.636 c-1.328-0.164-2.56,0.732-2.752,2.06c-0.188,1.328,0.736,2.556,2.064,2.748c17.78,2.54,19.62,5.164,19.468,5.504 C286.364,254.355,271.16,255.683,264.668,256.247z\"><\/path> <path d=\"M106.492,102.123c1.844,4.808,5.676,8.84,10.612,10.868c0.304,0.128,0.62,0.188,0.932,0.188 c0.964,0,1.876-0.572,2.264-1.516c0.512-1.252-0.08-2.684-1.332-3.192c-2.632-1.084-4.856-3.008-6.42-5.336 c7.992-0.772,16.592-1.332,25.684-1.632c1.916-0.06,3.416-1.664,3.352-3.58c-0.06-1.916-1.64-3.512-3.584-3.352 c-9.852,0.32-19.16,0.94-27.744,1.812c-0.252-4.672,1.888-9.504,5.888-13.008c0.748-0.66,1.556-1.276,2.36-1.892 c2.296-1.764,4.672-3.592,6.096-6.332c1.256-2.432,1.432-5.008,1.444-6.984c0.04-7.056-2.22-14.2-6.368-20.132 c-0.768-1.112-2.296-1.376-3.412-0.608c-1.104,0.776-1.376,2.304-0.604,3.408c3.572,5.112,5.516,11.256,5.484,17.3 c-0.012,2.116-0.288,3.592-0.896,4.764c-0.92,1.776-2.768,3.192-4.728,4.7c-0.892,0.684-1.78,1.368-2.608,2.092 c-5.32,4.668-8.144,11.264-7.556,17.648C105.432,98.147,106.08,101.619,106.492,102.123z\"><\/path> <path d=\"M157.228,112.871c0.376,0.208,0.788,0.312,1.192,0.312c0.86,0,1.692-0.448,2.14-1.252c0.66-1.18,0.236-2.672-0.944-3.332 c-2.64-1.48-4.884-4.116-6.488-7.34c0.092,0.004,0.156,0.024,0.256,0.024l3.372-0.004c6.852-0.004,12.248-0.016,18.916,0.332 c0.06,0,0.12,0.004,0.18,0.004c1.836,0,3.368-1.44,3.464-3.296c0.1-1.912-1.372-3.544-3.288-3.644 c-6.852-0.348-12.336-0.324-19.28-0.332c0,0-5.512-0.176-5.844-0.06c-0.12-0.74-0.224-1.484-0.272-2.24 c-0.468-6.904,1.896-14.36,6.168-19.456c0.752-0.9,1.56-1.74,2.372-2.588c2.256-2.356,4.588-4.792,5.932-8.324 c1.16-3.052,1.32-6.336,1.332-8.856c0.04-9.296-2.16-18.732-6.192-26.584c-0.62-1.208-2.096-1.692-3.296-1.06 c-1.204,0.616-1.676,2.096-1.06,3.296c3.68,7.164,5.688,15.804,5.652,24.328c-0.008,2.104-0.132,4.82-1.012,7.132 c-0.992,2.604-2.888,4.58-4.892,6.68c-0.884,0.924-1.768,1.844-2.588,2.824c-5.128,6.12-7.856,14.696-7.3,22.936 C146.352,101.259,150.856,109.307,157.228,112.871z\"><\/path> <\/g> <\/g> <\/g> <g> <\/g> <g> <\/g> <g> <\/g> <g> <\/g> <g> <\/g> <g> <\/g> <g> <\/g> <g> <\/g> <g> <\/g> <g> <\/g> <g> <\/g> <g> <\/g> <g> <\/g> <g> <\/g> <g> <\/g> <\/svg> \t\t\t\t\t<\/div>\n\t\t\t\t<\/div>\n\t\t\t<\/div>\n\t\t\t\t<div class=\"icon-box-text last-reset\">\n\t\t\t\t\t\t\t\t\t\n<h5>F\u00c4BODLEBEN BEI G\u00c4SSI F\u00c4BOD<\/h5>\n<div class=\"is-divider divider clearfix\" style=\"margin-top:0.5em;margin-bottom:0.5em;max-width:40px;\"><\/div>\n<p>Viele Tiere zu besuchen und Samstags Kaffee<\/p>\n\t<div id=\"gap-1173791657\" class=\"gap-element clearfix\" style=\"display:block; height:auto;\">\n\t\t\n<style>\n#gap-1173791657 {\n  padding-top: 30px;\n}\n<\/style>\n\t<\/div>\n\t\n\t\t<\/div>\n\t<\/div>\n\t\n\t\n\t\t<\/div>\n\t\t\t\t\n<style>\n#col-657650013 > .col-inner {\n  padding: 10% 10% 10% 10%;\n}\n<\/style>\n\t<\/div>\n\n\t\n\n\t<div id=\"col-371913236\" class=\"col small-12 large-12\"  >\n\t\t\t\t<div class=\"col-inner\"  >\n\t\t\t\n\t\t\t\n\t\t<\/div>\n\t\t\t\t\t<\/div>\n\n\t\n<\/div>\n<div class=\"row\"  id=\"row-1858380034\">\n\n\t<div id=\"col-997213648\" class=\"col small-12 large-12\"  >\n\t\t\t\t<div class=\"col-inner\"  >\n\t\t\t\n\t\t\t\n  <div class=\"banner-grid-wrapper\">\n  <div id=\"banner-grid-505920183\" class=\"banner-grid row row-grid row-xsmall\" data-packery-options=\"\">\n                      \n<div class=\"col grid-col large-12 grid-col-1\" ><div class=\"col-inner\">\n\n  <div class=\"banner has-hover\" id=\"banner-328991496\">\n          <div class=\"banner-inner fill\">\n        <div class=\"banner-bg fill\" >\n            <img loading=\"lazy\" decoding=\"async\" width=\"2000\" height=\"1335\" src=\"https:\/\/www.alvdalencamping.se\/wp-content\/uploads\/2020\/05\/midsommaren.jpg\" class=\"bg attachment-original size-original\" alt=\"\" \/>                                    \n                    <\/div>\n\t\t\n        <div class=\"banner-layers container\">\n            <div class=\"fill banner-link\"><\/div>            \n        <\/div>\n      <\/div>\n\n            \n<style>\n#banner-328991496 {\n  padding-top: 500px;\n}\n#banner-328991496 .banner-bg img {\n  object-position: 53% 53%;\n}\n<\/style>\n  <\/div>\n\n\n<\/div><\/div>\n<div class=\"col grid-col small-6 large-3 grid-col-1 hide-for-small\" ><div class=\"col-inner\">\n\n  <div class=\"banner has-hover\" id=\"banner-1388939094\">\n          <div class=\"banner-inner fill\">\n        <div class=\"banner-bg fill\" >\n            <img loading=\"lazy\" decoding=\"async\" width=\"2000\" height=\"1333\" src=\"https:\/\/www.alvdalencamping.se\/wp-content\/uploads\/2020\/05\/kaffestugan.jpg\" class=\"bg attachment-original size-original\" alt=\"\" \/>                                    \n                    <\/div>\n\t\t\n        <div class=\"banner-layers container\">\n            <div class=\"fill banner-link\"><\/div>            \n        <\/div>\n      <\/div>\n\n            \n<style>\n#banner-1388939094 {\n  padding-top: 500px;\n}\n#banner-1388939094 .banner-bg img {\n  object-position: 38% 60%;\n}\n<\/style>\n  <\/div>\n\n\n<\/div><\/div>\n<div class=\"col grid-col small-6 large-3 grid-col-1-2\" ><div class=\"col-inner\">\n\n  <div class=\"banner has-hover\" id=\"banner-887854947\">\n          <div class=\"banner-inner fill\">\n        <div class=\"banner-bg fill\" >\n            <img loading=\"lazy\" decoding=\"async\" width=\"295\" height=\"191\" src=\"https:\/\/www.alvdalencamping.se\/wp-content\/uploads\/2017\/02\/gessi.jpg\" class=\"bg attachment-original size-original\" alt=\"Gessi F\u00e4bod i Dalarna - Bes\u00f6k \u00c4lvdalens Camping\" \/>                                    \n                    <\/div>\n\t\t\n        <div class=\"banner-layers container\">\n            <div class=\"fill banner-link\"><\/div>            \n        <\/div>\n      <\/div>\n\n            \n<style>\n#banner-887854947 {\n  padding-top: 500px;\n}\n#banner-887854947 .banner-bg img {\n  object-position: 55% 17%;\n}\n<\/style>\n  <\/div>\n\n\n<\/div><\/div>\n<div class=\"col grid-col small-6 large-6 grid-col-1 hide-for-small\" ><div class=\"col-inner\">\n\n  <div class=\"banner has-hover\" id=\"banner-2021961380\">\n          <div class=\"banner-inner fill\">\n        <div class=\"banner-bg fill\" >\n            <img loading=\"lazy\" decoding=\"async\" width=\"2000\" height=\"1489\" src=\"https:\/\/www.alvdalencamping.se\/wp-content\/uploads\/2020\/05\/goat.jpg\" class=\"bg attachment-original size-original\" alt=\"\" \/>                                    \n                    <\/div>\n\t\t\n        <div class=\"banner-layers container\">\n            <div class=\"fill banner-link\"><\/div>            \n        <\/div>\n      <\/div>\n\n            \n<style>\n#banner-2021961380 {\n  padding-top: 500px;\n}\n#banner-2021961380 .banner-bg img {\n  object-position: 38% 55%;\n}\n<\/style>\n  <\/div>\n\n\n<\/div><\/div>\n<div class=\"col grid-col small-6 large-3 grid-col-1-2\" ><div class=\"col-inner\">\n\n  <div class=\"banner has-hover\" id=\"banner-1878620810\">\n          <div class=\"banner-inner fill\">\n        <div class=\"banner-bg fill\" >\n            <img loading=\"lazy\" decoding=\"async\" width=\"2000\" height=\"1333\" src=\"https:\/\/www.alvdalencamping.se\/wp-content\/uploads\/2020\/05\/fabod.jpg\" class=\"bg attachment-original size-original\" alt=\"\" \/>                                    \n                    <\/div>\n\t\t\n        <div class=\"banner-layers container\">\n            <div class=\"fill banner-link\"><\/div>            \n        <\/div>\n      <\/div>\n\n            \n<style>\n#banner-1878620810 {\n  padding-top: 500px;\n}\n#banner-1878620810 .banner-bg img {\n  object-position: 65% 29%;\n}\n<\/style>\n  <\/div>\n\n\n<\/div><\/div>\n            <\/div>\n    <style>\n    #banner-grid-505920183 .grid-col-1{height: 400px}\n    #banner-grid-505920183 .grid-col-1-2{height: 200px}\n    #banner-grid-505920183 .grid-col-1-3{height:133.33333333333px}\n    #banner-grid-505920183 .grid-col-2-3{height: 266.66666666667px}\n    #banner-grid-505920183 .grid-col-1-4{height: 100px}\n    #banner-grid-505920183 .grid-col-3-4{height: 300px}\n\n\n    \n    \n\n  <\/style>\n    <\/div>\n  \n\t\t<\/div>\n\t\t\t\t\t<\/div>\n\n\t\n<\/div>\n\t\t<\/div>\n\n\t\t\n<style>\n#section_1594125488 {\n  padding-top: 30px;\n  padding-bottom: 30px;\n}\n@media (min-width:550px) {\n  #section_1594125488 {\n    padding-top: 60px;\n    padding-bottom: 60px;\n  }\n}\n@media (min-width:850px) {\n  #section_1594125488 {\n    padding-top: 90px;\n    padding-bottom: 90px;\n  }\n}\n<\/style>\n\t<\/section>\n\t\n","protected":false},"excerpt":{"rendered":"","protected":false},"author":5,"featured_media":7227,"parent":2231,"menu_order":0,"comment_status":"closed","ping_status":"closed","template":"page-blank.php","meta":{"footnotes":""},"class_list":["post-2504","page","type-page","status-publish","has-post-thumbnail","hentry"],"yoast_head":"<!-- This site is optimized with the Yoast SEO plugin v27.4 - https:\/\/yoast.com\/product\/yoast-seo-wordpress\/ -->\n<title>Gessi Chalet | \u00c4lvdalens Camping<\/title>\n<meta name=\"robots\" content=\"index, follow, max-snippet:-1, max-image-preview:large, max-video-preview:-1\" \/>\n<link rel=\"canonical\" href=\"https:\/\/www.alvdalencamping.se\/de\/sehen-tun\/touristenattraktionen\/gessi-chalet\/\" \/>\n<meta property=\"og:locale\" content=\"de_DE\" \/>\n<meta property=\"og:type\" content=\"article\" \/>\n<meta property=\"og:title\" content=\"Gessi Chalet | \u00c4lvdalens Camping\" \/>\n<meta property=\"og:url\" content=\"https:\/\/www.alvdalencamping.se\/de\/sehen-tun\/touristenattraktionen\/gessi-chalet\/\" \/>\n<meta property=\"og:site_name\" content=\"\u00c4lvdalens Camping\" \/>\n<meta property=\"article:publisher\" content=\"https:\/\/www.facebook.com\/profile.php?id=100057402793121\" \/>\n<meta property=\"article:modified_time\" content=\"2020-05-15T09:36:00+00:00\" \/>\n<meta property=\"og:image\" content=\"https:\/\/www.alvdalencamping.se\/wp-content\/uploads\/2020\/05\/kaffestugan.jpg\" \/>\n\t<meta property=\"og:image:width\" content=\"2000\" \/>\n\t<meta property=\"og:image:height\" content=\"1333\" \/>\n\t<meta property=\"og:image:type\" content=\"image\/jpeg\" \/>\n<meta name=\"twitter:card\" content=\"summary_large_image\" \/>\n<meta name=\"twitter:label1\" content=\"Gesch\u00e4tzte Lesezeit\" \/>\n\t<meta name=\"twitter:data1\" content=\"2\u00a0Minuten\" \/>\n<script type=\"application\/ld+json\" class=\"yoast-schema-graph\">{\"@context\":\"https:\\\/\\\/schema.org\",\"@graph\":[{\"@type\":\"WebPage\",\"@id\":\"https:\\\/\\\/www.alvdalencamping.se\\\/de\\\/sehen-tun\\\/touristenattraktionen\\\/gessi-chalet\\\/\",\"url\":\"https:\\\/\\\/www.alvdalencamping.se\\\/de\\\/sehen-tun\\\/touristenattraktionen\\\/gessi-chalet\\\/\",\"name\":\"Gessi Chalet | \u00c4lvdalens Camping\",\"isPartOf\":{\"@id\":\"https:\\\/\\\/www.alvdalencamping.se\\\/#website\"},\"primaryImageOfPage\":{\"@id\":\"https:\\\/\\\/www.alvdalencamping.se\\\/de\\\/sehen-tun\\\/touristenattraktionen\\\/gessi-chalet\\\/#primaryimage\"},\"image\":{\"@id\":\"https:\\\/\\\/www.alvdalencamping.se\\\/de\\\/sehen-tun\\\/touristenattraktionen\\\/gessi-chalet\\\/#primaryimage\"},\"thumbnailUrl\":\"https:\\\/\\\/www.alvdalencamping.se\\\/wp-content\\\/uploads\\\/2022\\\/05\\\/webbkaffestuga.jpg\",\"datePublished\":\"2020-04-28T14:14:13+00:00\",\"dateModified\":\"2020-05-15T09:36:00+00:00\",\"breadcrumb\":{\"@id\":\"https:\\\/\\\/www.alvdalencamping.se\\\/de\\\/sehen-tun\\\/touristenattraktionen\\\/gessi-chalet\\\/#breadcrumb\"},\"inLanguage\":\"de\",\"potentialAction\":[{\"@type\":\"ReadAction\",\"target\":[\"https:\\\/\\\/www.alvdalencamping.se\\\/de\\\/sehen-tun\\\/touristenattraktionen\\\/gessi-chalet\\\/\"]}]},{\"@type\":\"ImageObject\",\"inLanguage\":\"de\",\"@id\":\"https:\\\/\\\/www.alvdalencamping.se\\\/de\\\/sehen-tun\\\/touristenattraktionen\\\/gessi-chalet\\\/#primaryimage\",\"url\":\"https:\\\/\\\/www.alvdalencamping.se\\\/wp-content\\\/uploads\\\/2022\\\/05\\\/webbkaffestuga.jpg\",\"contentUrl\":\"https:\\\/\\\/www.alvdalencamping.se\\\/wp-content\\\/uploads\\\/2022\\\/05\\\/webbkaffestuga.jpg\",\"width\":1200,\"height\":800},{\"@type\":\"BreadcrumbList\",\"@id\":\"https:\\\/\\\/www.alvdalencamping.se\\\/de\\\/sehen-tun\\\/touristenattraktionen\\\/gessi-chalet\\\/#breadcrumb\",\"itemListElement\":[{\"@type\":\"ListItem\",\"position\":1,\"name\":\"Hem\",\"item\":\"https:\\\/\\\/www.alvdalencamping.se\\\/de\\\/\"},{\"@type\":\"ListItem\",\"position\":2,\"name\":\"Sehen &#038; tun\",\"item\":\"https:\\\/\\\/www.alvdalencamping.se\\\/de\\\/sehen-tun\\\/\"},{\"@type\":\"ListItem\",\"position\":3,\"name\":\"Touristenattraktionen\",\"item\":\"https:\\\/\\\/www.alvdalencamping.se\\\/de\\\/sehen-tun\\\/touristenattraktionen\\\/\"},{\"@type\":\"ListItem\",\"position\":4,\"name\":\"Gessi Chalet\"}]},{\"@type\":\"WebSite\",\"@id\":\"https:\\\/\\\/www.alvdalencamping.se\\\/#website\",\"url\":\"https:\\\/\\\/www.alvdalencamping.se\\\/\",\"name\":\"\u00c4lvdalens Camping\",\"description\":\"Naturn\u00e4ra camping i norra Dalarna\",\"potentialAction\":[{\"@type\":\"SearchAction\",\"target\":{\"@type\":\"EntryPoint\",\"urlTemplate\":\"https:\\\/\\\/www.alvdalencamping.se\\\/?s={search_term_string}\"},\"query-input\":{\"@type\":\"PropertyValueSpecification\",\"valueRequired\":true,\"valueName\":\"search_term_string\"}}],\"inLanguage\":\"de\"}]}<\/script>\n<!-- \/ Yoast SEO plugin. -->","yoast_head_json":{"title":"Gessi Chalet | \u00c4lvdalens Camping","robots":{"index":"index","follow":"follow","max-snippet":"max-snippet:-1","max-image-preview":"max-image-preview:large","max-video-preview":"max-video-preview:-1"},"canonical":"https:\/\/www.alvdalencamping.se\/de\/sehen-tun\/touristenattraktionen\/gessi-chalet\/","og_locale":"de_DE","og_type":"article","og_title":"Gessi Chalet | \u00c4lvdalens Camping","og_url":"https:\/\/www.alvdalencamping.se\/de\/sehen-tun\/touristenattraktionen\/gessi-chalet\/","og_site_name":"\u00c4lvdalens Camping","article_publisher":"https:\/\/www.facebook.com\/profile.php?id=100057402793121","article_modified_time":"2020-05-15T09:36:00+00:00","og_image":[{"width":2000,"height":1333,"url":"https:\/\/www.alvdalencamping.se\/wp-content\/uploads\/2020\/05\/kaffestugan.jpg","type":"image\/jpeg"}],"twitter_card":"summary_large_image","twitter_misc":{"Gesch\u00e4tzte Lesezeit":"2\u00a0Minuten"},"schema":{"@context":"https:\/\/schema.org","@graph":[{"@type":"WebPage","@id":"https:\/\/www.alvdalencamping.se\/de\/sehen-tun\/touristenattraktionen\/gessi-chalet\/","url":"https:\/\/www.alvdalencamping.se\/de\/sehen-tun\/touristenattraktionen\/gessi-chalet\/","name":"Gessi Chalet | \u00c4lvdalens Camping","isPartOf":{"@id":"https:\/\/www.alvdalencamping.se\/#website"},"primaryImageOfPage":{"@id":"https:\/\/www.alvdalencamping.se\/de\/sehen-tun\/touristenattraktionen\/gessi-chalet\/#primaryimage"},"image":{"@id":"https:\/\/www.alvdalencamping.se\/de\/sehen-tun\/touristenattraktionen\/gessi-chalet\/#primaryimage"},"thumbnailUrl":"https:\/\/www.alvdalencamping.se\/wp-content\/uploads\/2022\/05\/webbkaffestuga.jpg","datePublished":"2020-04-28T14:14:13+00:00","dateModified":"2020-05-15T09:36:00+00:00","breadcrumb":{"@id":"https:\/\/www.alvdalencamping.se\/de\/sehen-tun\/touristenattraktionen\/gessi-chalet\/#breadcrumb"},"inLanguage":"de","potentialAction":[{"@type":"ReadAction","target":["https:\/\/www.alvdalencamping.se\/de\/sehen-tun\/touristenattraktionen\/gessi-chalet\/"]}]},{"@type":"ImageObject","inLanguage":"de","@id":"https:\/\/www.alvdalencamping.se\/de\/sehen-tun\/touristenattraktionen\/gessi-chalet\/#primaryimage","url":"https:\/\/www.alvdalencamping.se\/wp-content\/uploads\/2022\/05\/webbkaffestuga.jpg","contentUrl":"https:\/\/www.alvdalencamping.se\/wp-content\/uploads\/2022\/05\/webbkaffestuga.jpg","width":1200,"height":800},{"@type":"BreadcrumbList","@id":"https:\/\/www.alvdalencamping.se\/de\/sehen-tun\/touristenattraktionen\/gessi-chalet\/#breadcrumb","itemListElement":[{"@type":"ListItem","position":1,"name":"Hem","item":"https:\/\/www.alvdalencamping.se\/de\/"},{"@type":"ListItem","position":2,"name":"Sehen &#038; tun","item":"https:\/\/www.alvdalencamping.se\/de\/sehen-tun\/"},{"@type":"ListItem","position":3,"name":"Touristenattraktionen","item":"https:\/\/www.alvdalencamping.se\/de\/sehen-tun\/touristenattraktionen\/"},{"@type":"ListItem","position":4,"name":"Gessi Chalet"}]},{"@type":"WebSite","@id":"https:\/\/www.alvdalencamping.se\/#website","url":"https:\/\/www.alvdalencamping.se\/","name":"\u00c4lvdalens Camping","description":"Naturn\u00e4ra camping i norra Dalarna","potentialAction":[{"@type":"SearchAction","target":{"@type":"EntryPoint","urlTemplate":"https:\/\/www.alvdalencamping.se\/?s={search_term_string}"},"query-input":{"@type":"PropertyValueSpecification","valueRequired":true,"valueName":"search_term_string"}}],"inLanguage":"de"}]}},"_links":{"self":[{"href":"https:\/\/www.alvdalencamping.se\/de\/wp-json\/wp\/v2\/pages\/2504","targetHints":{"allow":["GET"]}}],"collection":[{"href":"https:\/\/www.alvdalencamping.se\/de\/wp-json\/wp\/v2\/pages"}],"about":[{"href":"https:\/\/www.alvdalencamping.se\/de\/wp-json\/wp\/v2\/types\/page"}],"author":[{"embeddable":true,"href":"https:\/\/www.alvdalencamping.se\/de\/wp-json\/wp\/v2\/users\/5"}],"replies":[{"embeddable":true,"href":"https:\/\/www.alvdalencamping.se\/de\/wp-json\/wp\/v2\/comments?post=2504"}],"version-history":[{"count":6,"href":"https:\/\/www.alvdalencamping.se\/de\/wp-json\/wp\/v2\/pages\/2504\/revisions"}],"predecessor-version":[{"id":3048,"href":"https:\/\/www.alvdalencamping.se\/de\/wp-json\/wp\/v2\/pages\/2504\/revisions\/3048"}],"up":[{"embeddable":true,"href":"https:\/\/www.alvdalencamping.se\/de\/wp-json\/wp\/v2\/pages\/2231"}],"wp:featuredmedia":[{"embeddable":true,"href":"https:\/\/www.alvdalencamping.se\/de\/wp-json\/wp\/v2\/media\/7227"}],"wp:attachment":[{"href":"https:\/\/www.alvdalencamping.se\/de\/wp-json\/wp\/v2\/media?parent=2504"}],"curies":[{"name":"wp","href":"https:\/\/api.w.org\/{rel}","templated":true}]}}