{"id":2149,"date":"2017-02-16T10:54:14","date_gmt":"2017-02-16T09:54:14","guid":{"rendered":"https:\/\/www.alvdalencamping.se\/vinter\/"},"modified":"2020-05-14T15:06:45","modified_gmt":"2020-05-14T13:06:45","slug":"winter","status":"publish","type":"page","link":"https:\/\/www.alvdalencamping.se\/en\/winter\/","title":{"rendered":"Winter"},"content":{"rendered":"\n\t<section class=\"section sid-header dark has-parallax\" id=\"section_1237141251\">\n\t\t<div class=\"section-bg fill\" data-parallax-container=\".section\" data-parallax-background data-parallax=\"-5\">\n\t\t\t<img loading=\"lazy\" decoding=\"async\" width=\"2000\" height=\"1296\" src=\"https:\/\/www.alvdalencamping.se\/wp-content\/uploads\/2020\/04\/skidor2.jpg\" class=\"bg attachment-original size-original\" alt=\"\" \/>\t\t\t\t\t\t\n\t\t\t\n\n\t\t<\/div>\n\n\t\t\n\n\t\t<div class=\"section-content relative\">\n\t\t\t\n<div class=\"row align-right header-text\"  id=\"row-674457706\">\n\n\t<div id=\"col-910126191\" class=\"col medium-6 small-12 large-12\"  >\n\t\t\t\t<div class=\"col-inner dark\"  >\n\t\t\t\n\t\t\t\n<h1 style=\"text-align: right;\"><\/h1>\n\t\t<\/div>\n\t\t\t\t\t<\/div>\n\n\t\n<\/div>\n\t\t<\/div>\n\n\t\t\n<style>\n#section_1237141251 {\n  padding-top: 90px;\n  padding-bottom: 90px;\n  min-height: 400px;\n}\n#section_1237141251 .section-bg img {\n  object-position: 17% 72%;\n}\n@media (min-width:550px) {\n  #section_1237141251 {\n    padding-top: 90px;\n    padding-bottom: 90px;\n  }\n}\n@media (min-width:850px) {\n  #section_1237141251 {\n    min-height: 300px;\n  }\n}\n<\/style>\n\t<\/section>\n\t\n\n\t<section class=\"section\" id=\"section_1898209625\">\n\t\t<div class=\"section-bg fill\" >\n\t\t\t\t\t\t\t\t\t\n\t\t\t\n\n\t\t<\/div>\n\n\t\t\n\n\t\t<div class=\"section-content relative\">\n\t\t\t\n<div class=\"row align-middle\"  id=\"row-1474922876\">\n\n\t<div id=\"col-1835057781\" class=\"col medium-8 small-12 large-8\"  >\n\t\t\t\t<div class=\"col-inner text-left\"  >\n\t\t\t\n\t\t\t\n<h3>Boende \u00e4ven vintertid<\/h3>\n<p>\u00c4lvdalens camping \u00e4r vackert bel\u00e4gen intill \u00d6sterdal\u00e4lven. Utsikten \u00f6ver vattnet och de vita bergen \u00e4r vacker och rofylld. Fem minuters g\u00e5ngv\u00e4g fr\u00e5n campingen finns \u00c4lvdalens centrum med butiker, hotell och restauranger. I anslutning till campingen ligger \u00c4lvdalens sim- och ishall med 50-meters bass\u00e4ng, vattenrutschbana, gym, bubbelpool och solarium. \u00c4lvdalen vintertid har ett rikt utbud av h\u00e4rliga vinteraktiviter. H\u00e4r kan du \u00e5ka utf\u00f6r i W\u00e4sabergen eller prova n\u00e5got av alla preparerade skidsp\u00e5r p\u00e5 \u00c4lvdalens skidstadion. Vill du \u00e5ka skoter finns h\u00e4r skoteruthyrning och mil efter mil av skoterleder.<\/p>\n<p><strong>Norra Dalarnas b\u00e4sta \u00f6ppettider.<\/strong><\/p>\n<p><em>Fri Internetuppkoppling.<\/em><\/p>\n\t\t<\/div>\n\t\t\t\t\t<\/div>\n\n\t\n\n\t<div id=\"col-1767168730\" class=\"col pris-aktivitet medium-4 small-12 large-4\"  >\n\t\t\t\t<div class=\"col-inner dark\" style=\"background-color:rgb(57, 75, 63);\" >\n\t\t\t\n\t\t\t\n\n\t\t<div class=\"icon-box featured-box icon-box-center text-center is-large\"  >\n\t\t\t\t\t<div class=\"icon-box-img has-icon-bg\" style=\"width: 128px\">\n\t\t\t\t<div class=\"icon\">\n\t\t\t\t\t<div class=\"icon-inner\" style=\"border-width:2px;color:rgb(57, 75, 63);\">\n\t\t\t\t\t\t<?xml version=\"1.0\" encoding=\"UTF-8\"?> <!-- Generator: Adobe Illustrator 19.0.0, SVG Export Plug-In . SVG Version: 6.00 Build 0) --> <svg xmlns=\"http:\/\/www.w3.org\/2000\/svg\" xmlns:xlink=\"http:\/\/www.w3.org\/1999\/xlink\" version=\"1.1\" id=\"Layer_1\" x=\"0px\" y=\"0px\" viewBox=\"0 0 203.864 203.864\" style=\"enable-background:new 0 0 203.864 203.864;\" xml:space=\"preserve\"> <g> <g> <g> <path d=\"M81.46,24.546v-4.544h-0.08c-0.372-2.508-3.136-4.716-7.444-6.32v-2.888c-0.004,0.012-0.008,0.02-0.012,0.032 C73.868,6.322,66.44,2.798,56.96,2.798c-9.268,0-16.528,3.376-16.9,7.736c0.008-0.096-0.012-0.188,0.008-0.28h-0.08v3.292 c-4.524,1.612-7.428,3.88-7.812,6.46h-0.08v4.528c-10.86,3.136-18.124,8.308-19.156,14.364h-0.212v11.716 C5.18,53.282,0,60.67,0,69.218v86.104c0,8.544,5.176,15.936,12.728,18.608v4.224c0,10.332,19.348,18.428,44.052,18.428 c24.7,0,44.048-8.092,44.048-18.428V39.214c-0.044,0.064-0.092,0.132-0.136,0.196C99.996,33.138,92.616,27.77,81.46,24.546z M12.728,169.682C7.48,167.218,4,161.65,4,155.322V69.214c0-6.332,3.48-11.896,8.728-14.364V169.682z M56.78,40.174 c-13.744,0-22.98-4.064-22.98-7.86c0-0.344,0.116-0.684,0.272-1.028c3.992,3.512,13.464,5.524,22.708,5.524 c9.236,0,18.7-2.008,22.696-5.516c0.164,0.34,0.28,0.68,0.28,1.02C79.756,36.11,70.524,40.174,56.78,40.174z M79.756,35.846 v3.456c0,3.568-9.432,7.54-22.976,7.54S33.8,42.87,33.8,39.302v-3.456c3.56,3.56,12.38,6.028,22.98,6.028 C67.38,41.874,76.196,39.41,79.756,35.846z M56.78,35.11c-13.544,0-22.98-3.972-22.98-7.54v-3.46 c3.556,3.564,12.38,6.032,22.98,6.032c10.6,0,19.416-2.464,22.976-6.028v3.456C79.756,31.138,70.324,35.11,56.78,35.11z M56.964,4.502c9.132,0,15.268,3.3,15.268,6.38c0,0.272-0.104,0.548-0.2,0.824c-2.448-2.476-8.104-4.132-15.068-4.132 c-6.984,0-12.632,1.672-15.064,4.156c-0.1-0.28-0.204-0.564-0.204-0.844C41.692,7.798,47.828,4.502,56.964,4.502z M71.084,13.214 c-2.18,2.208-7.312,4.044-14.12,4.044s-11.944-1.832-14.12-4.044c1.628-2.052,6.932-3.948,14.12-3.948 C64.156,9.266,69.464,11.158,71.084,13.214z M41.692,14.398c2.708,2.712,8.432,4.56,15.268,4.56s12.56-1.848,15.268-4.56v2.284 c0,2.952-6.136,6.116-15.268,6.116c-9.132,0-15.268-3.164-15.268-6.116V14.398z M39.988,15.326v1.356 c0,4.384,7.456,7.816,16.972,7.816c9.516,0,16.972-3.432,16.972-7.816v-1.22c3.68,1.46,5.82,3.312,5.82,5.12 c0,3.796-9.232,7.86-22.976,7.86s-22.98-4.064-22.98-7.86C33.8,18.718,36.084,16.806,39.988,15.326z M32.256,28.666 c0.132,0.46,0.372,0.896,0.66,1.32c-0.36,0.564-0.592,1.148-0.684,1.748h-0.136v7.568c0,5.784,12.552,9.24,24.684,9.24 c12.128,0,24.68-3.456,24.68-9.24v-7.568h-0.128c-0.096-0.604-0.328-1.188-0.692-1.756c0.284-0.42,0.52-0.852,0.652-1.304 c9.66,2.968,15.532,7.456,15.532,11.684c0,7.12-16.444,15.052-40.048,15.052s-40.052-7.932-40.052-15.052 C16.728,36.134,22.588,31.638,32.256,28.666z M96.828,48.386V59.17c-3.92,7.164-20.672,12.728-40.048,12.728 c-19.38,0-36.132-5.568-40.052-12.728v-9.732v-1.052c6.884,6.564,22.02,11.032,40.052,11.032 C74.808,59.418,89.944,54.95,96.828,48.386z M16.724,62.878c6.332,6.68,21.668,11.288,40.052,11.288 c18.38,0,33.716-4.608,40.048-11.288v103.464c-3.92,7.164-20.668,12.728-40.048,12.728s-36.132-5.568-40.052-12.728V62.878z M96.832,178.146c-0.008,2.06-1.52,4.18-4.244,6.148l-1.34-5.004l-1.092,0.292l1.44,5.376c-1.892,1.212-4.256,2.348-7.036,3.356 l-1.644-6.14l-1.092,0.292l1.668,6.228c-2.272,0.768-4.792,1.452-7.54,2.024l-1.668-6.232l-1.092,0.292l1.648,6.152 c-2.136,0.412-4.388,0.756-6.76,1.02l-1.616-6.032l-1.092,0.292l1.568,5.856c-2.636,0.26-5.4,0.424-8.28,0.472l-1.328-4.96 l-1.092,0.292l1.256,4.692c-0.24,0-0.468,0.016-0.712,0.016c-2.196,0-4.308-0.084-6.372-0.212l-1.624-6.056l-1.092,0.292 l1.524,5.688c-2.62-0.188-5.116-0.476-7.488-0.84l-1.484-5.532l-1.092,0.292l1.356,5.06c-3.176-0.536-6.072-1.232-8.7-2.028 l-1.556-5.804l-1.092,0.292l1.372,5.124c-2.924-0.96-5.444-2.056-7.504-3.236l-1.848-6.896l-1.092,0.292l1.532,5.724 c-3.14-2.092-4.892-4.38-4.892-6.592v-3.052v-5.052c6.332,6.68,21.668,11.288,40.052,11.288c18.38,0,33.716-4.608,40.048-11.288 V178.146z\"><\/path> <path d=\"M203.848,111.41c0-0.044,0.016-0.084,0.016-0.128c0-7.456-9.472-13.744-23.572-16.88c1.2-1.4,2.596-2.736,4.204-4.004 c1.308-1.032,2.468-2.224,3.732-3.52c2.904-2.988,4.488-6.772,4.716-11.248c0.692-13.608-7.508-24.956-21.936-30.36l-4.696-1.756 l4.604,4.748c0.72,0.716,1.372,1.368,1.956,2.076c7.504,9.06,8.364,22.916,1.996,32.24c-2.2,3.22-3.584,6.66-4.252,10.276 c-1.884-0.204-3.816-0.36-5.796-0.46c3.512-4.872,4.6-10.416,3.14-16.568c-1.86-7.856-10.78-15.532-20.316-17.48l-5.568-1.136 l4.704,3.188c7.004,4.744,7.188,10.676,6.44,15.856c-0.704,4.888-2.916,9.54-6.752,14.224c-0.696,0.848-1.408,1.856-2.06,2.94 c-16.872,2.648-28.644,9.548-28.644,17.872l0.904,15.532c-0.004,0.032-0.036,0.052-0.036,0.084c0,0.236,0.06,0.46,0.08,0.692 l2.6,44.732v5.832c0,10.848,16.656,18.428,40.504,18.428c0.984,0,1.936-0.028,2.892-0.056c0.312,1.024,0.852,1.968,1.644,2.732 c1.2,1.164,2.768,1.8,4.424,1.8c0.036,0,0.072,0,0.104,0l15.82-0.252c1.7-0.028,3.288-0.72,4.476-1.944 c1.188-1.224,1.828-2.836,1.796-4.532l-0.064-3.892c5.94-3.164,9.408-7.372,9.408-12.28l-0.004-5.712l2.616-44.976 c0.012-0.192,0.064-0.376,0.064-0.568c0-0.028-0.028-0.044-0.028-0.068l0.896-15.396L203.848,111.41z M176.74,83.846 c6.712-9.828,6.048-24.276-1.424-34.084c6.72,3.736,16.084,11.528,15.36,25.748c-0.2,3.968-1.532,7.168-4.212,9.924 c-1.076,1.1-2.18,2.24-3.376,3.176c-5.368,4.24-8.604,9.156-9.86,14.9c-0.064-0.012-0.124-0.02-0.188-0.032 C171.488,96.222,172.7,89.762,176.74,83.846z M170.188,96.81c-0.056,2.044,0.112,4.136,0.504,6.28 c-3.596-0.508-7.42-0.784-11.384-0.784c-1.18,0-2.324,0.072-3.472,0.124c1.388-1.924,3.176-3.912,5.552-6.156 C164.46,96.326,167.396,96.51,170.188,96.81z M144.672,99.558c0.112-2.436,1.208-4.792,3.552-7.652 c4.104-5.016,6.476-10.032,7.24-15.336c0.628-4.36,0.688-9.664-3.272-14.392c6.612,2.92,12.244,8.584,13.568,14.168 c1.66,7.012-0.212,12.928-5.716,18.088c-3.112,2.916-5.316,5.44-6.936,7.948c-2.304,3.58-2.532,7.424-2.128,11.184 C146.4,108.698,144.436,104.29,144.672,99.558z M151.812,117.582l2.46,2.284l-0.708-4.116c-0.68-4.092-0.976-8.392,1.44-12.144 c0-0.004,0.004-0.004,0.004-0.008c1.416-0.076,2.832-0.16,4.296-0.16c4.052,0,7.948,0.296,11.6,0.82 c0.304,1.384,0.676,2.784,1.168,4.212c0.12,0.356,0.276,0.7,0.432,1.04l2.428,5.604l-0.068-5.648 c-0.02-1.54,0.132-3.012,0.376-4.44c11.008,2.296,19.012,6.88,20.76,12.336c-6.168,4.908-19.34,8.964-36.204,8.964 c-17.568,0-31.156-4.396-36.964-9.58c2.12-5.136,9.816-9.416,20.264-11.64C144.708,110.43,148.64,114.634,151.812,117.582z M176.768,159.218v-0.004v-1.576c0.268,0.104,0.516,0.26,0.732,0.468c0.42,0.412,0.664,0.964,0.672,1.552 c0.02,1.22-0.956,2.228-2.172,2.248c-1.208,0.012-2.228-0.956-2.248-2.172c-0.016-1.116,0.812-2.016,1.888-2.184v1.668H176.768z M142.684,97.778c-0.112,0.548-0.256,1.076-0.284,1.66c-0.08,1.616,0.132,3.132,0.476,4.592 c-10.496,2.276-18.3,6.644-20.836,11.912c-1.46-1.536-2.28-3.116-2.28-4.664C119.76,106.058,128.656,100.426,142.684,97.778z M120.224,119.73c7.088,6.328,21.952,10.604,39.584,10.604c5.612,0,10.928-0.452,15.824-1.244v12.44 c-4.896,0.828-10.252,1.288-15.824,1.288c-17.86,0-33.468-4.728-38.88-11.076L120.224,119.73z M162.364,192.526 c-0.84,0.024-1.676,0.052-2.552,0.052c-23.712,0.004-36.508-7.432-36.508-14.424l-0.004-5.948l-2.176-37.14 c6.996,5.984,21.5,10.016,38.684,10.016c5.62,0,10.94-0.448,15.824-1.236v4.412l-0.084,0.084 c-1.4,1.376-13.684,13.556-13.624,16.896L162.364,192.526z M188.356,198.066c-0.976,1.008-2.28,1.58-3.676,1.6l-15.82,0.252 c-1.38-0.004-2.716-0.5-3.728-1.48c-1.012-0.976-1.58-2.284-1.6-3.676l-0.476-29.544c-0.036-2.056,7.416-10.216,12.58-15.36 v6.548c-1.708,0.176-3.044,1.592-3.02,3.34c0.032,1.824,1.528,3.288,3.348,3.288c0.02,0,0.036,0,0.052,0 c1.844-0.028,3.316-1.556,3.288-3.396c-0.012-0.896-0.376-1.728-1.016-2.348c-0.428-0.416-0.956-0.632-1.52-0.776v-6.22 c5.296,4.992,12.56,12.5,12.592,14.5l0.352,21.752c-0.044,0.028-0.076,0.056-0.12,0.08c0.072,0.204,0.132,0.42,0.132,0.676 l0.112,7.036C189.86,195.734,189.336,197.058,188.356,198.066z M196.312,172.322v5.832c0,2.636-1.94,5.304-5.48,7.636 l-0.34-21.012c-0.048-3.116-11.08-13.58-13.728-16.04v-5.06c9.536-1.672,17.196-4.736,21.728-8.612L196.312,172.322z M198.688,131.742c-3.588,4.208-11.672,7.696-21.924,9.572v-12.4h0.004c9.968-1.752,17.968-5.024,22.624-9.184L198.688,131.742z M196.936,116.618c-2.184-5.632-10.388-10.324-21.504-12.676c0.472-2.116,1.284-4.096,2.368-5.98 c13.516,2.712,22.06,8.208,22.06,13.316C199.86,113.054,198.836,114.878,196.936,116.618z\"><\/path> <path d=\"M173.452,166.854l-0.432-0.196l-0.268,0.396c-0.236,0.344-5.712,8.532-3.52,16.3c2.192,7.764,11.136,11.888,11.516,12.06 l0.432,0.196l0.268-0.396c0.236-0.344,5.712-8.532,3.52-16.3C182.776,171.146,173.828,167.022,173.452,166.854z M181.604,174.774 c0.764,1.024,1.384,2.172,1.86,3.4l-7.232-2.216l-0.8-2.836L181.604,174.774z M180.344,173.266l-5.272-1.412l-0.952-3.376 C175.56,169.278,178.124,170.886,180.344,173.266z M170.32,183.038c-1.608-5.696,1.336-11.828,2.704-14.252l5.684,20.152 l-0.056,0.172l0.116,0.036l1.308,4.636C177.64,192.434,171.928,188.742,170.32,183.038z M181.168,193.47l-1.104-3.912l2.6,0.824 C182.128,191.69,181.584,192.738,181.168,193.47z M183.056,189.318l-3.36-1.068l-0.668-2.372l4.64,1.468 C183.484,188.038,183.284,188.69,183.056,189.318z M183.952,186.242l-5.296-1.672l-0.82-2.912l6.452,1.728 C184.244,184.362,184.144,185.322,183.952,186.242z M177.48,180.39l-0.884-3.132l7.328,2.248c0.228,0.9,0.336,1.804,0.368,2.708 L177.48,180.39z\"><\/path> <path d=\"M56.96,92.834L41.368,107.61l15.592,14.776l15.592-14.776L56.96,92.834z M43.348,107.61l13.616-12.904L70.58,107.61 l-13.616,12.904L43.348,107.61z\"><\/path> <path d=\"M78.34,107.61L56.964,87.358L35.588,107.61l21.376,20.252L78.34,107.61z M56.964,90.33l18.244,17.284l-18.244,17.284 L38.72,107.614L56.964,90.33z\"><\/path> <\/g> <\/g> <\/g> <g> <\/g> <g> <\/g> <g> <\/g> <g> <\/g> <g> <\/g> <g> <\/g> <g> <\/g> <g> <\/g> <g> <\/g> <g> <\/g> <g> <\/g> <g> <\/g> <g> <\/g> <g> <\/g> <g> <\/g> <\/svg> \t\t\t\t\t<\/div>\n\t\t\t\t<\/div>\n\t\t\t<\/div>\n\t\t\t\t<div class=\"icon-box-text last-reset\">\n\t\t\t\t\t\t\t\t\t\n<h5>VISSTE DU ATT:<\/h5>\n<div class=\"is-divider divider clearfix\" style=\"margin-top:0.5em;margin-bottom:0.5em;max-width:40px;\"><\/div>\n<p>Du hittar h\u00e4rlig utf\u00f6rs\u00e5kning i backarna i W\u00e4sabergen.<\/p>\n\t<div id=\"gap-198387471\" class=\"gap-element clearfix\" style=\"display:block; height:auto;\">\n\t\t\n<style>\n#gap-198387471 {\n  padding-top: 30px;\n}\n<\/style>\n\t<\/div>\n\t\n<a href=\"\/stugor\" class=\"button white is-outline\" >\n\t\t<span>Se v\u00e5ra fina stugor<\/span>\n\t<\/a>\n\n\t\t<\/div>\n\t<\/div>\n\t\n\t\n\t\t<\/div>\n\t\t\t\t\n<style>\n#col-1767168730 > .col-inner {\n  padding: 10% 10% 10% 10%;\n}\n<\/style>\n\t<\/div>\n\n\t\n<\/div>\n<div class=\"row\"  id=\"row-1856655629\">\n\n\t<div id=\"col-1966474895\" class=\"col small-12 large-12\"  >\n\t\t\t\t<div class=\"col-inner\"  >\n\t\t\t\n\t\t\t\n  <div class=\"banner-grid-wrapper\">\n  <div id=\"banner-grid-298044458\" class=\"banner-grid row row-grid row-xsmall\" data-packery-options=\"\">\n                      \n<div class=\"col grid-col small-6 large-4 grid-col-1 hide-for-small\" ><div class=\"col-inner\">\n\n  <div class=\"banner has-hover\" id=\"banner-1424968647\">\n          <div class=\"banner-inner fill\">\n        <div class=\"banner-bg fill\" >\n            <img loading=\"lazy\" decoding=\"async\" width=\"2000\" height=\"1333\" src=\"https:\/\/www.alvdalencamping.se\/wp-content\/uploads\/2020\/04\/vinterskrud.jpg\" class=\"bg attachment-original size-original\" alt=\"\" \/>                                    \n                    <\/div>\n\t\t\n        <div class=\"banner-layers container\">\n            <div class=\"fill banner-link\"><\/div>            \n        <\/div>\n      <\/div>\n\n            \n<style>\n#banner-1424968647 {\n  padding-top: 500px;\n}\n#banner-1424968647 .banner-bg img {\n  object-position: 0% 67%;\n}\n<\/style>\n  <\/div>\n\n\n<\/div><\/div>\n<div class=\"col grid-col small-6 large-3 grid-col-1-2\" ><div class=\"col-inner\">\n\n  <div class=\"banner has-hover\" id=\"banner-1587616284\">\n          <div class=\"banner-inner fill\">\n        <div class=\"banner-bg fill\" >\n            <img loading=\"lazy\" decoding=\"async\" width=\"2000\" height=\"1333\" src=\"https:\/\/www.alvdalencamping.se\/wp-content\/uploads\/2020\/04\/banken.jpg\" class=\"bg attachment-original size-original\" alt=\"\" \/>                                    \n                    <\/div>\n\t\t\n        <div class=\"banner-layers container\">\n            <div class=\"fill banner-link\"><\/div>            \n        <\/div>\n      <\/div>\n\n            \n<style>\n#banner-1587616284 {\n  padding-top: 500px;\n}\n#banner-1587616284 .banner-bg img {\n  object-position: 59% 59%;\n}\n<\/style>\n  <\/div>\n\n\n<\/div><\/div>\n<div class=\"col grid-col small-6 large-5 grid-col-1 hide-for-small\" ><div class=\"col-inner\">\n\n  <div class=\"banner has-hover\" id=\"banner-29335968\">\n          <div class=\"banner-inner fill\">\n        <div class=\"banner-bg fill\" >\n            <img loading=\"lazy\" decoding=\"async\" width=\"2000\" height=\"1333\" src=\"https:\/\/www.alvdalencamping.se\/wp-content\/uploads\/2020\/04\/scoter.jpg\" class=\"bg attachment-original size-original\" alt=\"\" \/>                                    \n                    <\/div>\n\t\t\n        <div class=\"banner-layers container\">\n            <div class=\"fill banner-link\"><\/div>            \n        <\/div>\n      <\/div>\n\n            \n<style>\n#banner-29335968 {\n  padding-top: 500px;\n}\n#banner-29335968 .banner-bg img {\n  object-position: 38% 55%;\n}\n<\/style>\n  <\/div>\n\n\n<\/div><\/div>\n<div class=\"col grid-col small-6 large-3 grid-col-1-2\" ><div class=\"col-inner\">\n\n  <div class=\"banner has-hover\" id=\"banner-1108671227\">\n          <div class=\"banner-inner fill\">\n        <div class=\"banner-bg fill\" >\n            <img loading=\"lazy\" decoding=\"async\" width=\"2000\" height=\"1333\" src=\"https:\/\/www.alvdalencamping.se\/wp-content\/uploads\/2020\/04\/skking2.jpg\" class=\"bg attachment-original size-original\" alt=\"\" \/>                                    \n                    <\/div>\n\t\t\n        <div class=\"banner-layers container\">\n            <div class=\"fill banner-link\"><\/div>            \n        <\/div>\n      <\/div>\n\n            \n<style>\n#banner-1108671227 {\n  padding-top: 500px;\n}\n#banner-1108671227 .banner-bg img {\n  object-position: 48% 52%;\n}\n<\/style>\n  <\/div>\n\n\n<\/div><\/div>\n<div class=\"col grid-col large-12 grid-col-1\" ><div class=\"col-inner\">\n\n  <div class=\"banner has-hover\" id=\"banner-1104158054\">\n          <div class=\"banner-inner fill\">\n        <div class=\"banner-bg fill\" >\n            <img loading=\"lazy\" decoding=\"async\" width=\"2000\" height=\"1333\" src=\"https:\/\/www.alvdalencamping.se\/wp-content\/uploads\/2020\/04\/dimma.jpg\" class=\"bg attachment-original size-original\" alt=\"\" \/>                                    \n                    <\/div>\n\t\t\n        <div class=\"banner-layers container\">\n            <div class=\"fill banner-link\"><\/div>            \n        <\/div>\n      <\/div>\n\n            \n<style>\n#banner-1104158054 {\n  padding-top: 500px;\n}\n#banner-1104158054 .banner-bg img {\n  object-position: 53% 42%;\n}\n<\/style>\n  <\/div>\n\n\n<\/div><\/div>\n            <\/div>\n    <style>\n    #banner-grid-298044458 .grid-col-1{height: 400px}\n    #banner-grid-298044458 .grid-col-1-2{height: 200px}\n    #banner-grid-298044458 .grid-col-1-3{height:133.33333333333px}\n    #banner-grid-298044458 .grid-col-2-3{height: 266.66666666667px}\n    #banner-grid-298044458 .grid-col-1-4{height: 100px}\n    #banner-grid-298044458 .grid-col-3-4{height: 300px}\n\n\n    \n    \n\n  <\/style>\n    <\/div>\n  \n\t\t<\/div>\n\t\t\t\t\t<\/div>\n\n\t\n<\/div>\n\t\t<\/div>\n\n\t\t\n<style>\n#section_1898209625 {\n  padding-top: 30px;\n  padding-bottom: 30px;\n}\n@media (min-width:550px) {\n  #section_1898209625 {\n    padding-top: 60px;\n    padding-bottom: 60px;\n  }\n}\n@media (min-width:850px) {\n  #section_1898209625 {\n    padding-top: 90px;\n    padding-bottom: 90px;\n  }\n}\n<\/style>\n\t<\/section>\n\t\n","protected":false},"excerpt":{"rendered":"","protected":false},"author":5,"featured_media":0,"parent":0,"menu_order":0,"comment_status":"closed","ping_status":"closed","template":"","meta":{"footnotes":""},"class_list":["post-2149","page","type-page","status-publish","hentry"],"yoast_head":"<!-- This site is optimized with the Yoast SEO plugin v27.4 - https:\/\/yoast.com\/product\/yoast-seo-wordpress\/ -->\n<title>Boende i norra Dalarna p\u00e5 vintern | \u00c4lvdalens Camping<\/title>\n<meta name=\"description\" content=\"Boka ditt boende i \u00c4lvdalen, norra Dalarna, \u00e4ven vintertid. Campingen \u00e4r \u00f6ppen \u00e5ret runt. \u00c5k skidor eller simma i n\u00e4rheten.\" \/>\n<meta name=\"robots\" content=\"index, follow, max-snippet:-1, max-image-preview:large, max-video-preview:-1\" \/>\n<link rel=\"canonical\" href=\"https:\/\/www.alvdalencamping.se\/en\/winter\/\" \/>\n<meta property=\"og:locale\" content=\"en_US\" \/>\n<meta property=\"og:type\" content=\"article\" \/>\n<meta property=\"og:title\" content=\"Boende i norra Dalarna p\u00e5 vintern | \u00c4lvdalens Camping\" \/>\n<meta property=\"og:description\" content=\"Boka ditt boende i \u00c4lvdalen, norra Dalarna, \u00e4ven vintertid. Campingen \u00e4r \u00f6ppen \u00e5ret runt. \u00c5k skidor eller simma i n\u00e4rheten.\" \/>\n<meta property=\"og:url\" content=\"https:\/\/www.alvdalencamping.se\/en\/winter\/\" \/>\n<meta property=\"og:site_name\" content=\"\u00c4lvdalens Camping\" \/>\n<meta property=\"article:publisher\" content=\"https:\/\/www.facebook.com\/profile.php?id=100057402793121\" \/>\n<meta property=\"article:modified_time\" content=\"2020-05-14T13:06:45+00:00\" \/>\n<meta property=\"og:image\" content=\"https:\/\/www.alvdalencamping.se\/wp-content\/uploads\/2025\/05\/cs3.jpg\" \/>\n\t<meta property=\"og:image:width\" content=\"2560\" \/>\n\t<meta property=\"og:image:height\" content=\"1707\" \/>\n\t<meta property=\"og:image:type\" content=\"image\/jpeg\" \/>\n<meta name=\"twitter:card\" content=\"summary_large_image\" \/>\n<meta name=\"twitter:label1\" content=\"Est. reading time\" \/>\n\t<meta name=\"twitter:data1\" content=\"2 minutes\" \/>\n<script type=\"application\/ld+json\" class=\"yoast-schema-graph\">{\"@context\":\"https:\\\/\\\/schema.org\",\"@graph\":[{\"@type\":\"WebPage\",\"@id\":\"https:\\\/\\\/www.alvdalencamping.se\\\/en\\\/winter\\\/\",\"url\":\"https:\\\/\\\/www.alvdalencamping.se\\\/en\\\/winter\\\/\",\"name\":\"Boende i norra Dalarna p\u00e5 vintern | \u00c4lvdalens Camping\",\"isPartOf\":{\"@id\":\"https:\\\/\\\/www.alvdalencamping.se\\\/#website\"},\"datePublished\":\"2017-02-16T09:54:14+00:00\",\"dateModified\":\"2020-05-14T13:06:45+00:00\",\"description\":\"Boka ditt boende i \u00c4lvdalen, norra Dalarna, \u00e4ven vintertid. Campingen \u00e4r \u00f6ppen \u00e5ret runt. \u00c5k skidor eller simma i n\u00e4rheten.\",\"breadcrumb\":{\"@id\":\"https:\\\/\\\/www.alvdalencamping.se\\\/en\\\/winter\\\/#breadcrumb\"},\"inLanguage\":\"en-US\",\"potentialAction\":[{\"@type\":\"ReadAction\",\"target\":[\"https:\\\/\\\/www.alvdalencamping.se\\\/en\\\/winter\\\/\"]}]},{\"@type\":\"BreadcrumbList\",\"@id\":\"https:\\\/\\\/www.alvdalencamping.se\\\/en\\\/winter\\\/#breadcrumb\",\"itemListElement\":[{\"@type\":\"ListItem\",\"position\":1,\"name\":\"Hem\",\"item\":\"https:\\\/\\\/www.alvdalencamping.se\\\/en\\\/\"},{\"@type\":\"ListItem\",\"position\":2,\"name\":\"Winter\"}]},{\"@type\":\"WebSite\",\"@id\":\"https:\\\/\\\/www.alvdalencamping.se\\\/#website\",\"url\":\"https:\\\/\\\/www.alvdalencamping.se\\\/\",\"name\":\"\u00c4lvdalens Camping\",\"description\":\"Naturn\u00e4ra camping i norra Dalarna\",\"potentialAction\":[{\"@type\":\"SearchAction\",\"target\":{\"@type\":\"EntryPoint\",\"urlTemplate\":\"https:\\\/\\\/www.alvdalencamping.se\\\/?s={search_term_string}\"},\"query-input\":{\"@type\":\"PropertyValueSpecification\",\"valueRequired\":true,\"valueName\":\"search_term_string\"}}],\"inLanguage\":\"en-US\"}]}<\/script>\n<!-- \/ Yoast SEO plugin. -->","yoast_head_json":{"title":"Boende i norra Dalarna p\u00e5 vintern | \u00c4lvdalens Camping","description":"Boka ditt boende i \u00c4lvdalen, norra Dalarna, \u00e4ven vintertid. Campingen \u00e4r \u00f6ppen \u00e5ret runt. \u00c5k skidor eller simma i n\u00e4rheten.","robots":{"index":"index","follow":"follow","max-snippet":"max-snippet:-1","max-image-preview":"max-image-preview:large","max-video-preview":"max-video-preview:-1"},"canonical":"https:\/\/www.alvdalencamping.se\/en\/winter\/","og_locale":"en_US","og_type":"article","og_title":"Boende i norra Dalarna p\u00e5 vintern | \u00c4lvdalens Camping","og_description":"Boka ditt boende i \u00c4lvdalen, norra Dalarna, \u00e4ven vintertid. Campingen \u00e4r \u00f6ppen \u00e5ret runt. \u00c5k skidor eller simma i n\u00e4rheten.","og_url":"https:\/\/www.alvdalencamping.se\/en\/winter\/","og_site_name":"\u00c4lvdalens Camping","article_publisher":"https:\/\/www.facebook.com\/profile.php?id=100057402793121","article_modified_time":"2020-05-14T13:06:45+00:00","og_image":[{"width":2560,"height":1707,"url":"https:\/\/www.alvdalencamping.se\/wp-content\/uploads\/2025\/05\/cs3.jpg","type":"image\/jpeg"}],"twitter_card":"summary_large_image","twitter_misc":{"Est. reading time":"2 minutes"},"schema":{"@context":"https:\/\/schema.org","@graph":[{"@type":"WebPage","@id":"https:\/\/www.alvdalencamping.se\/en\/winter\/","url":"https:\/\/www.alvdalencamping.se\/en\/winter\/","name":"Boende i norra Dalarna p\u00e5 vintern | \u00c4lvdalens Camping","isPartOf":{"@id":"https:\/\/www.alvdalencamping.se\/#website"},"datePublished":"2017-02-16T09:54:14+00:00","dateModified":"2020-05-14T13:06:45+00:00","description":"Boka ditt boende i \u00c4lvdalen, norra Dalarna, \u00e4ven vintertid. Campingen \u00e4r \u00f6ppen \u00e5ret runt. \u00c5k skidor eller simma i n\u00e4rheten.","breadcrumb":{"@id":"https:\/\/www.alvdalencamping.se\/en\/winter\/#breadcrumb"},"inLanguage":"en-US","potentialAction":[{"@type":"ReadAction","target":["https:\/\/www.alvdalencamping.se\/en\/winter\/"]}]},{"@type":"BreadcrumbList","@id":"https:\/\/www.alvdalencamping.se\/en\/winter\/#breadcrumb","itemListElement":[{"@type":"ListItem","position":1,"name":"Hem","item":"https:\/\/www.alvdalencamping.se\/en\/"},{"@type":"ListItem","position":2,"name":"Winter"}]},{"@type":"WebSite","@id":"https:\/\/www.alvdalencamping.se\/#website","url":"https:\/\/www.alvdalencamping.se\/","name":"\u00c4lvdalens Camping","description":"Naturn\u00e4ra camping i norra Dalarna","potentialAction":[{"@type":"SearchAction","target":{"@type":"EntryPoint","urlTemplate":"https:\/\/www.alvdalencamping.se\/?s={search_term_string}"},"query-input":{"@type":"PropertyValueSpecification","valueRequired":true,"valueName":"search_term_string"}}],"inLanguage":"en-US"}]}},"_links":{"self":[{"href":"https:\/\/www.alvdalencamping.se\/en\/wp-json\/wp\/v2\/pages\/2149","targetHints":{"allow":["GET"]}}],"collection":[{"href":"https:\/\/www.alvdalencamping.se\/en\/wp-json\/wp\/v2\/pages"}],"about":[{"href":"https:\/\/www.alvdalencamping.se\/en\/wp-json\/wp\/v2\/types\/page"}],"author":[{"embeddable":true,"href":"https:\/\/www.alvdalencamping.se\/en\/wp-json\/wp\/v2\/users\/5"}],"replies":[{"embeddable":true,"href":"https:\/\/www.alvdalencamping.se\/en\/wp-json\/wp\/v2\/comments?post=2149"}],"version-history":[{"count":3,"href":"https:\/\/www.alvdalencamping.se\/en\/wp-json\/wp\/v2\/pages\/2149\/revisions"}],"predecessor-version":[{"id":2693,"href":"https:\/\/www.alvdalencamping.se\/en\/wp-json\/wp\/v2\/pages\/2149\/revisions\/2693"}],"wp:attachment":[{"href":"https:\/\/www.alvdalencamping.se\/en\/wp-json\/wp\/v2\/media?parent=2149"}],"curies":[{"name":"wp","href":"https:\/\/api.w.org\/{rel}","templated":true}]}}